{"id":542,"date":"2023-09-28T20:35:16","date_gmt":"2023-09-28T18:35:16","guid":{"rendered":"https:\/\/www.hotelargenson.com\/?page_id=542"},"modified":"2026-04-03T07:17:12","modified_gmt":"2026-04-03T05:17:12","slug":"nuestros-servicios","status":"publish","type":"page","link":"https:\/\/www.hotelargenson.com\/es\/nuestros-servicios\/","title":{"rendered":"Servicios"},"content":{"rendered":"<p data-start=\"225\" data-end=\"413\"><strong data-start=\"225\" data-end=\"255\">Accesibilidad del edificio<\/strong><br data-start=\"255\" data-end=\"258\" \/>Debido a la configuraci\u00f3n arquitect\u00f3nica del inmueble, el establecimiento no es accesible para personas con movilidad reducida, seg\u00fan la normativa vigente.<\/p>\n<p data-start=\"225\" data-end=\"413\">\n<ul>\n<li data-start=\"47\" data-end=\"54\"><strong data-start=\"47\" data-end=\"54\">BAR<\/strong><\/li>\n<li data-start=\"47\" data-end=\"54\"><\/li>\n<li data-start=\"56\" data-end=\"114\"><strong data-start=\"56\" data-end=\"114\">Servicio de habitaciones (bebidas y snacks): 24 h \/ 24<\/strong><\/li>\n<li data-start=\"56\" data-end=\"114\"><\/li>\n<li data-start=\"116\" data-end=\"402\"><strong data-start=\"116\" data-end=\"128\">GIMNASIO<\/strong><br data-start=\"128\" data-end=\"131\" \/>Disfrute de nuestro espacio fitness para mantener su rutina de bienestar durante toda su estancia.<br data-start=\"229\" data-end=\"232\" \/>Abierto todos los d\u00edas, nuestro gimnasio est\u00e1 equipado con instalaciones modernas que permiten un entrenamiento completo: cardio, entrenamiento de fuerza y estiramientos.<\/li>\n<\/ul>\n","protected":false},"excerpt":{"rendered":"<p>Accesibilidad del edificioDebido a la configuraci\u00f3n arquitect\u00f3nica del inmueble, el establecimiento no es accesible para personas con movilidad reducida, seg\u00fan la normativa vigente. BAR Servicio de habitaciones (bebidas y snacks): 24 h \/ 24 GIMNASIODisfrute de nuestro espacio fitness para mantener su rutina de bienestar durante toda su estancia.Abierto todos los d\u00edas, nuestro gimnasio est\u00e1 [&hellip;]<\/p>\n","protected":false},"author":90,"featured_media":0,"parent":0,"menu_order":0,"comment_status":"closed","ping_status":"closed","template":"template-services.php","meta":{"footnotes":""},"yoast_head":"<!-- This site is optimized with the Yoast SEO plugin v22.3 - https:\/\/yoast.com\/wordpress\/plugins\/seo\/ -->\n<title>Servicios - Hotel d&#039;Argenson Paris<\/title>\n<meta name=\"robots\" content=\"index, follow, max-snippet:-1, max-image-preview:large, max-video-preview:-1\" \/>\n<link rel=\"canonical\" href=\"https:\/\/www.hotelargenson.com\/es\/nuestros-servicios\/\" \/>\n<meta property=\"og:locale\" content=\"es_ES\" \/>\n<meta property=\"og:type\" content=\"article\" \/>\n<meta property=\"og:title\" content=\"Servicios - Hotel d&#039;Argenson Paris\" \/>\n<meta property=\"og:description\" content=\"Accesibilidad del edificioDebido a la configuraci\u00f3n arquitect\u00f3nica del inmueble, el establecimiento no es accesible para personas con movilidad reducida, seg\u00fan la normativa vigente. BAR Servicio de habitaciones (bebidas y snacks): 24 h \/ 24 GIMNASIODisfrute de nuestro espacio fitness para mantener su rutina de bienestar durante toda su estancia.Abierto todos los d\u00edas, nuestro gimnasio est\u00e1 [&hellip;]\" \/>\n<meta property=\"og:url\" content=\"https:\/\/www.hotelargenson.com\/es\/nuestros-servicios\/\" \/>\n<meta property=\"og:site_name\" content=\"Hotel d&#039;Argenson Paris\" \/>\n<meta property=\"article:modified_time\" content=\"2026-04-03T05:17:12+00:00\" \/>\n<meta name=\"twitter:card\" content=\"summary_large_image\" \/>\n<script type=\"application\/ld+json\" class=\"yoast-schema-graph\">{\"@context\":\"https:\/\/schema.org\",\"@graph\":[{\"@type\":\"WebPage\",\"@id\":\"https:\/\/www.hotelargenson.com\/es\/nuestros-servicios\/\",\"url\":\"https:\/\/www.hotelargenson.com\/es\/nuestros-servicios\/\",\"name\":\"Servicios - Hotel d'Argenson Paris\",\"isPartOf\":{\"@id\":\"https:\/\/www.hotelargenson.com\/es\/#website\"},\"datePublished\":\"2023-09-28T18:35:16+00:00\",\"dateModified\":\"2026-04-03T05:17:12+00:00\",\"breadcrumb\":{\"@id\":\"https:\/\/www.hotelargenson.com\/es\/nuestros-servicios\/#breadcrumb\"},\"inLanguage\":\"es\",\"potentialAction\":[{\"@type\":\"ReadAction\",\"target\":[\"https:\/\/www.hotelargenson.com\/es\/nuestros-servicios\/\"]}]},{\"@type\":\"BreadcrumbList\",\"@id\":\"https:\/\/www.hotelargenson.com\/es\/nuestros-servicios\/#breadcrumb\",\"itemListElement\":[{\"@type\":\"ListItem\",\"position\":1,\"name\":\"Accueil\",\"item\":\"https:\/\/www.hotelargenson.com\/es\/\"},{\"@type\":\"ListItem\",\"position\":2,\"name\":\"Servicios\"}]},{\"@type\":\"WebSite\",\"@id\":\"https:\/\/www.hotelargenson.com\/es\/#website\",\"url\":\"https:\/\/www.hotelargenson.com\/es\/\",\"name\":\"Hotel d'Argenson Paris\",\"description\":\"\",\"potentialAction\":[{\"@type\":\"SearchAction\",\"target\":{\"@type\":\"EntryPoint\",\"urlTemplate\":\"https:\/\/www.hotelargenson.com\/es\/?s={search_term_string}\"},\"query-input\":\"required name=search_term_string\"}],\"inLanguage\":\"es\"}]}<\/script>\n<!-- \/ Yoast SEO plugin. -->","yoast_head_json":{"title":"Servicios - Hotel d'Argenson Paris","robots":{"index":"index","follow":"follow","max-snippet":"max-snippet:-1","max-image-preview":"max-image-preview:large","max-video-preview":"max-video-preview:-1"},"canonical":"https:\/\/www.hotelargenson.com\/es\/nuestros-servicios\/","og_locale":"es_ES","og_type":"article","og_title":"Servicios - Hotel d'Argenson Paris","og_description":"Accesibilidad del edificioDebido a la configuraci\u00f3n arquitect\u00f3nica del inmueble, el establecimiento no es accesible para personas con movilidad reducida, seg\u00fan la normativa vigente. BAR Servicio de habitaciones (bebidas y snacks): 24 h \/ 24 GIMNASIODisfrute de nuestro espacio fitness para mantener su rutina de bienestar durante toda su estancia.Abierto todos los d\u00edas, nuestro gimnasio est\u00e1 [&hellip;]","og_url":"https:\/\/www.hotelargenson.com\/es\/nuestros-servicios\/","og_site_name":"Hotel d'Argenson Paris","article_modified_time":"2026-04-03T05:17:12+00:00","twitter_card":"summary_large_image","schema":{"@context":"https:\/\/schema.org","@graph":[{"@type":"WebPage","@id":"https:\/\/www.hotelargenson.com\/es\/nuestros-servicios\/","url":"https:\/\/www.hotelargenson.com\/es\/nuestros-servicios\/","name":"Servicios - Hotel d'Argenson Paris","isPartOf":{"@id":"https:\/\/www.hotelargenson.com\/es\/#website"},"datePublished":"2023-09-28T18:35:16+00:00","dateModified":"2026-04-03T05:17:12+00:00","breadcrumb":{"@id":"https:\/\/www.hotelargenson.com\/es\/nuestros-servicios\/#breadcrumb"},"inLanguage":"es","potentialAction":[{"@type":"ReadAction","target":["https:\/\/www.hotelargenson.com\/es\/nuestros-servicios\/"]}]},{"@type":"BreadcrumbList","@id":"https:\/\/www.hotelargenson.com\/es\/nuestros-servicios\/#breadcrumb","itemListElement":[{"@type":"ListItem","position":1,"name":"Accueil","item":"https:\/\/www.hotelargenson.com\/es\/"},{"@type":"ListItem","position":2,"name":"Servicios"}]},{"@type":"WebSite","@id":"https:\/\/www.hotelargenson.com\/es\/#website","url":"https:\/\/www.hotelargenson.com\/es\/","name":"Hotel d'Argenson Paris","description":"","potentialAction":[{"@type":"SearchAction","target":{"@type":"EntryPoint","urlTemplate":"https:\/\/www.hotelargenson.com\/es\/?s={search_term_string}"},"query-input":"required name=search_term_string"}],"inLanguage":"es"}]}},"acf":[],"_links":{"self":[{"href":"https:\/\/www.hotelargenson.com\/es\/wp-json\/wp\/v2\/pages\/542"}],"collection":[{"href":"https:\/\/www.hotelargenson.com\/es\/wp-json\/wp\/v2\/pages"}],"about":[{"href":"https:\/\/www.hotelargenson.com\/es\/wp-json\/wp\/v2\/types\/page"}],"author":[{"embeddable":true,"href":"https:\/\/www.hotelargenson.com\/es\/wp-json\/wp\/v2\/users\/90"}],"replies":[{"embeddable":true,"href":"https:\/\/www.hotelargenson.com\/es\/wp-json\/wp\/v2\/comments?post=542"}],"version-history":[{"count":0,"href":"https:\/\/www.hotelargenson.com\/es\/wp-json\/wp\/v2\/pages\/542\/revisions"}],"wp:attachment":[{"href":"https:\/\/www.hotelargenson.com\/es\/wp-json\/wp\/v2\/media?parent=542"}],"curies":[{"name":"wp","href":"https:\/\/api.w.org\/{rel}","templated":true}]}}