{"id":526,"date":"2023-09-28T20:32:22","date_gmt":"2023-09-28T18:32:22","guid":{"rendered":"https:\/\/www.hotelargenson.com\/?page_id=526"},"modified":"2025-11-24T16:25:25","modified_gmt":"2025-11-24T15:25:25","slug":"pequena-habitacion-doble","status":"publish","type":"page","link":"https:\/\/www.hotelargenson.com\/es\/nuestras-habitaciones\/pequena-habitacion-doble\/","title":{"rendered":"Peque\u00f1a habitaci\u00f3n doble"},"content":{"rendered":"<p style=\"text-align: center\" data-start=\"170\" data-end=\"374\">Esta peque\u00f1a habitaci\u00f3n doble dispone de una caja fuerte, un televisor de pantalla plana con canales por cable y un escritorio.<br data-start=\"297\" data-end=\"300\" \/>El ba\u00f1o privado est\u00e1 equipado con una ducha y art\u00edculos de aseo gratuitos.<\/p>\n<p style=\"text-align: center\" data-start=\"376\" data-end=\"416\">Algunas habitaciones cuentan con balc\u00f3n.<\/p>\n","protected":false},"excerpt":{"rendered":"<p>Esta peque\u00f1a habitaci\u00f3n doble dispone de una caja fuerte, un televisor de pantalla plana con canales por cable y un escritorio.El ba\u00f1o privado est\u00e1 equipado con una ducha y art\u00edculos de aseo gratuitos. Algunas habitaciones cuentan con balc\u00f3n.<\/p>\n","protected":false},"author":90,"featured_media":0,"parent":521,"menu_order":10,"comment_status":"closed","ping_status":"closed","template":"template-single-room.php","meta":{"footnotes":""},"class_list":["post-526","page","type-page","status-publish","hentry"],"yoast_head":"<!-- This site is optimized with the Yoast SEO plugin v27.3 - https:\/\/yoast.com\/product\/yoast-seo-wordpress\/ -->\n<title>Peque\u00f1a habitaci\u00f3n doble - Hotel d&#039;Argenson Paris<\/title>\n<meta name=\"robots\" content=\"index, follow, max-snippet:-1, max-image-preview:large, max-video-preview:-1\" \/>\n<link rel=\"canonical\" href=\"https:\/\/www.hotelargenson.com\/es\/nuestras-habitaciones\/pequena-habitacion-doble\/\" \/>\n<meta property=\"og:locale\" content=\"es_ES\" \/>\n<meta property=\"og:type\" content=\"article\" \/>\n<meta property=\"og:title\" content=\"Peque\u00f1a habitaci\u00f3n doble - Hotel d&#039;Argenson Paris\" \/>\n<meta property=\"og:description\" content=\"Esta peque\u00f1a habitaci\u00f3n doble dispone de una caja fuerte, un televisor de pantalla plana con canales por cable y un escritorio.El ba\u00f1o privado est\u00e1 equipado con una ducha y art\u00edculos de aseo gratuitos. Algunas habitaciones cuentan con balc\u00f3n.\" \/>\n<meta property=\"og:url\" content=\"https:\/\/www.hotelargenson.com\/es\/nuestras-habitaciones\/pequena-habitacion-doble\/\" \/>\n<meta property=\"og:site_name\" content=\"Hotel d&#039;Argenson Paris\" \/>\n<meta property=\"article:modified_time\" content=\"2025-11-24T15:25:25+00:00\" \/>\n<meta name=\"twitter:card\" content=\"summary_large_image\" \/>\n<script type=\"application\/ld+json\" class=\"yoast-schema-graph\">{\"@context\":\"https:\\\/\\\/schema.org\",\"@graph\":[{\"@type\":\"WebPage\",\"@id\":\"https:\\\/\\\/www.hotelargenson.com\\\/es\\\/nuestras-habitaciones\\\/pequena-habitacion-doble\\\/\",\"url\":\"https:\\\/\\\/www.hotelargenson.com\\\/es\\\/nuestras-habitaciones\\\/pequena-habitacion-doble\\\/\",\"name\":\"Peque\u00f1a habitaci\u00f3n doble - Hotel d'Argenson Paris\",\"isPartOf\":{\"@id\":\"https:\\\/\\\/www.hotelargenson.com\\\/es\\\/#website\"},\"datePublished\":\"2023-09-28T18:32:22+00:00\",\"dateModified\":\"2025-11-24T15:25:25+00:00\",\"breadcrumb\":{\"@id\":\"https:\\\/\\\/www.hotelargenson.com\\\/es\\\/nuestras-habitaciones\\\/pequena-habitacion-doble\\\/#breadcrumb\"},\"inLanguage\":\"es\",\"potentialAction\":[{\"@type\":\"ReadAction\",\"target\":[\"https:\\\/\\\/www.hotelargenson.com\\\/es\\\/nuestras-habitaciones\\\/pequena-habitacion-doble\\\/\"]}]},{\"@type\":\"BreadcrumbList\",\"@id\":\"https:\\\/\\\/www.hotelargenson.com\\\/es\\\/nuestras-habitaciones\\\/pequena-habitacion-doble\\\/#breadcrumb\",\"itemListElement\":[{\"@type\":\"ListItem\",\"position\":1,\"name\":\"Accueil\",\"item\":\"https:\\\/\\\/www.hotelargenson.com\\\/es\\\/\"},{\"@type\":\"ListItem\",\"position\":2,\"name\":\"Habitaciones\",\"item\":\"https:\\\/\\\/www.hotelargenson.com\\\/es\\\/nuestras-habitaciones\\\/\"},{\"@type\":\"ListItem\",\"position\":3,\"name\":\"Peque\u00f1a habitaci\u00f3n doble\"}]},{\"@type\":\"WebSite\",\"@id\":\"https:\\\/\\\/www.hotelargenson.com\\\/es\\\/#website\",\"url\":\"https:\\\/\\\/www.hotelargenson.com\\\/es\\\/\",\"name\":\"Hotel d'Argenson Paris\",\"description\":\"\",\"potentialAction\":[{\"@type\":\"SearchAction\",\"target\":{\"@type\":\"EntryPoint\",\"urlTemplate\":\"https:\\\/\\\/www.hotelargenson.com\\\/es\\\/?s={search_term_string}\"},\"query-input\":{\"@type\":\"PropertyValueSpecification\",\"valueRequired\":true,\"valueName\":\"search_term_string\"}}],\"inLanguage\":\"es\"}]}<\/script>\n<!-- \/ Yoast SEO plugin. -->","yoast_head_json":{"title":"Peque\u00f1a habitaci\u00f3n doble - Hotel d'Argenson Paris","robots":{"index":"index","follow":"follow","max-snippet":"max-snippet:-1","max-image-preview":"max-image-preview:large","max-video-preview":"max-video-preview:-1"},"canonical":"https:\/\/www.hotelargenson.com\/es\/nuestras-habitaciones\/pequena-habitacion-doble\/","og_locale":"es_ES","og_type":"article","og_title":"Peque\u00f1a habitaci\u00f3n doble - Hotel d'Argenson Paris","og_description":"Esta peque\u00f1a habitaci\u00f3n doble dispone de una caja fuerte, un televisor de pantalla plana con canales por cable y un escritorio.El ba\u00f1o privado est\u00e1 equipado con una ducha y art\u00edculos de aseo gratuitos. Algunas habitaciones cuentan con balc\u00f3n.","og_url":"https:\/\/www.hotelargenson.com\/es\/nuestras-habitaciones\/pequena-habitacion-doble\/","og_site_name":"Hotel d'Argenson Paris","article_modified_time":"2025-11-24T15:25:25+00:00","twitter_card":"summary_large_image","schema":{"@context":"https:\/\/schema.org","@graph":[{"@type":"WebPage","@id":"https:\/\/www.hotelargenson.com\/es\/nuestras-habitaciones\/pequena-habitacion-doble\/","url":"https:\/\/www.hotelargenson.com\/es\/nuestras-habitaciones\/pequena-habitacion-doble\/","name":"Peque\u00f1a habitaci\u00f3n doble - Hotel d'Argenson Paris","isPartOf":{"@id":"https:\/\/www.hotelargenson.com\/es\/#website"},"datePublished":"2023-09-28T18:32:22+00:00","dateModified":"2025-11-24T15:25:25+00:00","breadcrumb":{"@id":"https:\/\/www.hotelargenson.com\/es\/nuestras-habitaciones\/pequena-habitacion-doble\/#breadcrumb"},"inLanguage":"es","potentialAction":[{"@type":"ReadAction","target":["https:\/\/www.hotelargenson.com\/es\/nuestras-habitaciones\/pequena-habitacion-doble\/"]}]},{"@type":"BreadcrumbList","@id":"https:\/\/www.hotelargenson.com\/es\/nuestras-habitaciones\/pequena-habitacion-doble\/#breadcrumb","itemListElement":[{"@type":"ListItem","position":1,"name":"Accueil","item":"https:\/\/www.hotelargenson.com\/es\/"},{"@type":"ListItem","position":2,"name":"Habitaciones","item":"https:\/\/www.hotelargenson.com\/es\/nuestras-habitaciones\/"},{"@type":"ListItem","position":3,"name":"Peque\u00f1a habitaci\u00f3n doble"}]},{"@type":"WebSite","@id":"https:\/\/www.hotelargenson.com\/es\/#website","url":"https:\/\/www.hotelargenson.com\/es\/","name":"Hotel d'Argenson Paris","description":"","potentialAction":[{"@type":"SearchAction","target":{"@type":"EntryPoint","urlTemplate":"https:\/\/www.hotelargenson.com\/es\/?s={search_term_string}"},"query-input":{"@type":"PropertyValueSpecification","valueRequired":true,"valueName":"search_term_string"}}],"inLanguage":"es"}]}},"acf":[],"_links":{"self":[{"href":"https:\/\/www.hotelargenson.com\/es\/wp-json\/wp\/v2\/pages\/526","targetHints":{"allow":["GET"]}}],"collection":[{"href":"https:\/\/www.hotelargenson.com\/es\/wp-json\/wp\/v2\/pages"}],"about":[{"href":"https:\/\/www.hotelargenson.com\/es\/wp-json\/wp\/v2\/types\/page"}],"author":[{"embeddable":true,"href":"https:\/\/www.hotelargenson.com\/es\/wp-json\/wp\/v2\/users\/90"}],"replies":[{"embeddable":true,"href":"https:\/\/www.hotelargenson.com\/es\/wp-json\/wp\/v2\/comments?post=526"}],"version-history":[{"count":0,"href":"https:\/\/www.hotelargenson.com\/es\/wp-json\/wp\/v2\/pages\/526\/revisions"}],"up":[{"embeddable":true,"href":"https:\/\/www.hotelargenson.com\/es\/wp-json\/wp\/v2\/pages\/521"}],"wp:attachment":[{"href":"https:\/\/www.hotelargenson.com\/es\/wp-json\/wp\/v2\/media?parent=526"}],"curies":[{"name":"wp","href":"https:\/\/api.w.org\/{rel}","templated":true}]}}