{"id":517,"date":"2023-09-28T19:53:07","date_gmt":"2023-09-28T17:53:07","guid":{"rendered":"https:\/\/www.hotelargenson.com\/?page_id=517"},"modified":"2025-11-24T13:50:49","modified_gmt":"2025-11-24T12:50:49","slug":"bienvenido-al-hotel-dargenson-paris","status":"publish","type":"page","link":"https:\/\/www.hotelargenson.com\/es\/","title":{"rendered":"Inicio"},"content":{"rendered":"<p style=\"text-align: center\"><strong>Par\u00eds Campos El\u00edseos<\/strong><\/p>\n<p>&nbsp;<\/p>\n<p data-start=\"268\" data-end=\"642\">El H\u00f4tel d\u2019Argenson es un acogedor hotel parisino con 34 habitaciones, todas climatizadas, que ha sabido mantener su aut\u00e9ntica hospitalidad familiar durante m\u00e1s de 50 a\u00f1os.<br data-start=\"440\" data-end=\"443\" \/>Est\u00e1 idealmente situado en el 8.\u00ba distrito de Par\u00eds, a medio camino entre los Campos El\u00edseos y la \u00d3pera, en pleno coraz\u00f3n del \u201cTri\u00e1ngulo de Oro\u201d, entre las prestigiosas avenidas Montaigne y George V.<\/p>\n","protected":false},"excerpt":{"rendered":"<p>Par\u00eds Campos El\u00edseos &nbsp; El H\u00f4tel d\u2019Argenson es un acogedor hotel parisino con 34 habitaciones, todas climatizadas, que ha sabido mantener su aut\u00e9ntica hospitalidad familiar durante m\u00e1s de 50 a\u00f1os.Est\u00e1 idealmente situado en el 8.\u00ba distrito de Par\u00eds, a medio camino entre los Campos El\u00edseos y la \u00d3pera, en pleno coraz\u00f3n del \u201cTri\u00e1ngulo de Oro\u201d, [&hellip;]<\/p>\n","protected":false},"author":90,"featured_media":0,"parent":0,"menu_order":0,"comment_status":"closed","ping_status":"closed","template":"","meta":{"footnotes":""},"class_list":["post-517","page","type-page","status-publish","hentry"],"yoast_head":"<!-- This site is optimized with the Yoast SEO plugin v27.3 - https:\/\/yoast.com\/product\/yoast-seo-wordpress\/ -->\n<title>Inicio - Hotel d&#039;Argenson Paris<\/title>\n<meta name=\"robots\" content=\"index, follow, max-snippet:-1, max-image-preview:large, max-video-preview:-1\" \/>\n<link rel=\"canonical\" href=\"https:\/\/www.hotelargenson.com\/es\/\" \/>\n<meta property=\"og:locale\" content=\"es_ES\" \/>\n<meta property=\"og:type\" content=\"article\" \/>\n<meta property=\"og:title\" content=\"Inicio - Hotel d&#039;Argenson Paris\" \/>\n<meta property=\"og:description\" content=\"Par\u00eds Campos El\u00edseos &nbsp; El H\u00f4tel d\u2019Argenson es un acogedor hotel parisino con 34 habitaciones, todas climatizadas, que ha sabido mantener su aut\u00e9ntica hospitalidad familiar durante m\u00e1s de 50 a\u00f1os.Est\u00e1 idealmente situado en el 8.\u00ba distrito de Par\u00eds, a medio camino entre los Campos El\u00edseos y la \u00d3pera, en pleno coraz\u00f3n del \u201cTri\u00e1ngulo de Oro\u201d, [&hellip;]\" \/>\n<meta property=\"og:url\" content=\"https:\/\/www.hotelargenson.com\/es\/\" \/>\n<meta property=\"og:site_name\" content=\"Hotel d&#039;Argenson Paris\" \/>\n<meta property=\"article:modified_time\" content=\"2025-11-24T12:50:49+00:00\" \/>\n<meta name=\"twitter:card\" content=\"summary_large_image\" \/>\n<script type=\"application\/ld+json\" class=\"yoast-schema-graph\">{\"@context\":\"https:\\\/\\\/schema.org\",\"@graph\":[{\"@type\":\"WebPage\",\"@id\":\"https:\\\/\\\/www.hotelargenson.com\\\/es\\\/\",\"url\":\"https:\\\/\\\/www.hotelargenson.com\\\/es\\\/\",\"name\":\"Inicio - Hotel d'Argenson Paris\",\"isPartOf\":{\"@id\":\"https:\\\/\\\/www.hotelargenson.com\\\/es\\\/#website\"},\"datePublished\":\"2023-09-28T17:53:07+00:00\",\"dateModified\":\"2025-11-24T12:50:49+00:00\",\"breadcrumb\":{\"@id\":\"https:\\\/\\\/www.hotelargenson.com\\\/es\\\/#breadcrumb\"},\"inLanguage\":\"es\",\"potentialAction\":[{\"@type\":\"ReadAction\",\"target\":[\"https:\\\/\\\/www.hotelargenson.com\\\/es\\\/\"]}]},{\"@type\":\"BreadcrumbList\",\"@id\":\"https:\\\/\\\/www.hotelargenson.com\\\/es\\\/#breadcrumb\",\"itemListElement\":[{\"@type\":\"ListItem\",\"position\":1,\"name\":\"Accueil\",\"item\":\"https:\\\/\\\/www.hotelargenson.com\\\/es\\\/\"},{\"@type\":\"ListItem\",\"position\":2,\"name\":\"Inicio\"}]},{\"@type\":\"WebSite\",\"@id\":\"https:\\\/\\\/www.hotelargenson.com\\\/es\\\/#website\",\"url\":\"https:\\\/\\\/www.hotelargenson.com\\\/es\\\/\",\"name\":\"Hotel d'Argenson Paris\",\"description\":\"\",\"potentialAction\":[{\"@type\":\"SearchAction\",\"target\":{\"@type\":\"EntryPoint\",\"urlTemplate\":\"https:\\\/\\\/www.hotelargenson.com\\\/es\\\/?s={search_term_string}\"},\"query-input\":{\"@type\":\"PropertyValueSpecification\",\"valueRequired\":true,\"valueName\":\"search_term_string\"}}],\"inLanguage\":\"es\"}]}<\/script>\n<!-- \/ Yoast SEO plugin. -->","yoast_head_json":{"title":"Inicio - Hotel d'Argenson Paris","robots":{"index":"index","follow":"follow","max-snippet":"max-snippet:-1","max-image-preview":"max-image-preview:large","max-video-preview":"max-video-preview:-1"},"canonical":"https:\/\/www.hotelargenson.com\/es\/","og_locale":"es_ES","og_type":"article","og_title":"Inicio - Hotel d'Argenson Paris","og_description":"Par\u00eds Campos El\u00edseos &nbsp; El H\u00f4tel d\u2019Argenson es un acogedor hotel parisino con 34 habitaciones, todas climatizadas, que ha sabido mantener su aut\u00e9ntica hospitalidad familiar durante m\u00e1s de 50 a\u00f1os.Est\u00e1 idealmente situado en el 8.\u00ba distrito de Par\u00eds, a medio camino entre los Campos El\u00edseos y la \u00d3pera, en pleno coraz\u00f3n del \u201cTri\u00e1ngulo de Oro\u201d, [&hellip;]","og_url":"https:\/\/www.hotelargenson.com\/es\/","og_site_name":"Hotel d'Argenson Paris","article_modified_time":"2025-11-24T12:50:49+00:00","twitter_card":"summary_large_image","schema":{"@context":"https:\/\/schema.org","@graph":[{"@type":"WebPage","@id":"https:\/\/www.hotelargenson.com\/es\/","url":"https:\/\/www.hotelargenson.com\/es\/","name":"Inicio - Hotel d'Argenson Paris","isPartOf":{"@id":"https:\/\/www.hotelargenson.com\/es\/#website"},"datePublished":"2023-09-28T17:53:07+00:00","dateModified":"2025-11-24T12:50:49+00:00","breadcrumb":{"@id":"https:\/\/www.hotelargenson.com\/es\/#breadcrumb"},"inLanguage":"es","potentialAction":[{"@type":"ReadAction","target":["https:\/\/www.hotelargenson.com\/es\/"]}]},{"@type":"BreadcrumbList","@id":"https:\/\/www.hotelargenson.com\/es\/#breadcrumb","itemListElement":[{"@type":"ListItem","position":1,"name":"Accueil","item":"https:\/\/www.hotelargenson.com\/es\/"},{"@type":"ListItem","position":2,"name":"Inicio"}]},{"@type":"WebSite","@id":"https:\/\/www.hotelargenson.com\/es\/#website","url":"https:\/\/www.hotelargenson.com\/es\/","name":"Hotel d'Argenson Paris","description":"","potentialAction":[{"@type":"SearchAction","target":{"@type":"EntryPoint","urlTemplate":"https:\/\/www.hotelargenson.com\/es\/?s={search_term_string}"},"query-input":{"@type":"PropertyValueSpecification","valueRequired":true,"valueName":"search_term_string"}}],"inLanguage":"es"}]}},"acf":[],"_links":{"self":[{"href":"https:\/\/www.hotelargenson.com\/es\/wp-json\/wp\/v2\/pages\/517","targetHints":{"allow":["GET"]}}],"collection":[{"href":"https:\/\/www.hotelargenson.com\/es\/wp-json\/wp\/v2\/pages"}],"about":[{"href":"https:\/\/www.hotelargenson.com\/es\/wp-json\/wp\/v2\/types\/page"}],"author":[{"embeddable":true,"href":"https:\/\/www.hotelargenson.com\/es\/wp-json\/wp\/v2\/users\/90"}],"replies":[{"embeddable":true,"href":"https:\/\/www.hotelargenson.com\/es\/wp-json\/wp\/v2\/comments?post=517"}],"version-history":[{"count":0,"href":"https:\/\/www.hotelargenson.com\/es\/wp-json\/wp\/v2\/pages\/517\/revisions"}],"wp:attachment":[{"href":"https:\/\/www.hotelargenson.com\/es\/wp-json\/wp\/v2\/media?parent=517"}],"curies":[{"name":"wp","href":"https:\/\/api.w.org\/{rel}","templated":true}]}}