{"id":508,"date":"2023-09-28T20:43:21","date_gmt":"2023-09-28T18:43:21","guid":{"rendered":"https:\/\/www.hotelargenson.com\/?page_id=508"},"modified":"2025-11-24T10:59:59","modified_gmt":"2025-11-24T09:59:59","slug":"contacto","status":"publish","type":"page","link":"https:\/\/www.hotelargenson.com\/es\/contacto\/","title":{"rendered":"Contacto"},"content":{"rendered":"<div class=\"title\" style=\"text-align: center\"><strong>H\u00f4tel d&#8217;Argenson<\/strong><\/div>\n<div class=\"contacts\" style=\"text-align: center\">15 Rue d&#8217;Argenson, 75008, Paris, France<br \/>\n+33 1 42 65 16 87<br \/>\n<a href=\"mailto:contact@hotelargenson.com\">contact@hotelargenson.com<\/a><\/div>\n\n                <div class='gf_browser_gecko gform_wrapper' id='gform_wrapper_1' ><form method='post' enctype='multipart\/form-data'  id='gform_1'  action='\/es\/wp-json\/wp\/v2\/pages\/508'>\n                        <div class='gform_body'><ul id='gform_fields_1' class='gform_fields top_label form_sublabel_below description_below'><li id='field_1_1'  class='gfield gfield_contains_required field_sublabel_below field_description_below gfield_visibility_visible' ><label class='gfield_label' for='input_1_1' >Nom, Pr\u00e9nom<span class='gfield_required'>*<\/span><\/label><div class='ginput_container ginput_container_text'><input name='input_1' id='input_1_1' type='text' value='' class='medium'     aria-required=\"true\" aria-invalid=\"false\" \/><\/div><\/li><li id='field_1_3'  class='gfield gfield_contains_required field_sublabel_below field_description_below gfield_visibility_visible' ><label class='gfield_label' for='input_1_3' >E-mail<span class='gfield_required'>*<\/span><\/label><div class='ginput_container ginput_container_email'>\n                            <input name='input_3' id='input_1_3' type='text' value='' class='medium'    aria-required=\"true\" aria-invalid=\"false\" \/>\n                        <\/div><\/li><li id='field_1_2'  class='gfield field_sublabel_below field_description_below gfield_visibility_visible' ><label class='gfield_label' for='input_1_2' >T\u00e9l\u00e9phone<\/label><div class='ginput_container ginput_container_phone'><input name='input_2' id='input_1_2' type='text' value='' class='medium'    aria-invalid=\"false\"  \/><\/div><\/li><li id='field_1_4'  class='gfield gfield_contains_required field_sublabel_below field_description_below gfield_visibility_visible' ><label class='gfield_label' for='input_1_4' >Objet de votre demande<span class='gfield_required'>*<\/span><\/label><div class='ginput_container ginput_container_text'><input name='input_4' id='input_1_4' type='text' value='' class='medium'     aria-required=\"true\" aria-invalid=\"false\" \/><\/div><\/li><li id='field_1_5'  class='gfield gfield_contains_required field_sublabel_below field_description_below gfield_visibility_visible' ><label class='gfield_label' for='input_1_5' >Votre message :<span class='gfield_required'>*<\/span><\/label><div class='ginput_container ginput_container_textarea'><textarea name='input_5' id='input_1_5' class='textarea medium'     aria-required=\"true\" aria-invalid=\"false\"   rows='10' cols='50'><\/textarea><\/div><\/li><li id='field_1_6'  class='gfield gfield_contains_required field_sublabel_below field_description_below gfield_visibility_visible' ><label class='gfield_label'  >Donn\u00e9es personnelles<span class='gfield_required'>*<\/span><\/label><div class='ginput_container ginput_container_checkbox'><ul class='gfield_checkbox' id='input_1_6'><li class='gchoice_1_6_1'>\n\t\t\t\t\t\t\t\t<input name='input_6.1' type='checkbox'  value='En soumettant ce formulaire, j&#039;accepte que les informations saisies puissent \u00eatre utilis\u00e9es dans le cadre de la relation commerciale qui peut en r\u00e9sulter.'  id='choice_1_6_1'   \/>\n\t\t\t\t\t\t\t\t<label for='choice_1_6_1' id='label_1_6_1'>En soumettant ce formulaire, j'accepte que les informations saisies puissent \u00eatre utilis\u00e9es dans le cadre de la relation commerciale qui peut en r\u00e9sulter.<\/label>\n\t\t\t\t\t\t\t<\/li><\/ul><\/div><\/li><li id='field_1_9'  class='gfield gfield_html gfield_html_formatted gfield_no_follows_desc field_sublabel_below field_description_below gfield_visibility_visible' ><p align=\"right\">* Champs obligatoires<\/p><\/li><li id='field_1_10'  class='gfield field_sublabel_below field_description_below gfield_visibility_visible' ><label class='gfield_label' for='input_1_10' >CAPTCHA<\/label><div id='input_1_10' class='ginput_container ginput_recaptcha' data-sitekey='6Lf6jzIpAAAAAAgT_KjpcSMcgpEQZT3U8C89A_N7'  data-theme='light' data-tabindex='-1' data-size='invisible' data-badge='bottomright'><\/div><\/li><li id='field_1_11'  class='gfield gform_validation_container field_sublabel_below field_description_below gfield_visibility_visible' ><label class='gfield_label' for='input_1_11' >Phone<\/label><div class='ginput_container'><input name='input_11' id='input_1_11' type='text' value='' \/><\/div><div class='gfield_description' id='gfield_description_1_11'>Este campo es un campo de validaci\u00f3n y debe quedar sin cambios.<\/div><\/li>\n                            <\/ul><\/div>\n        <div class='gform_footer top_label'> <input type='submit' id='gform_submit_button_1' class='gform_button button' value='Envoyer'  onclick='if(window[\"gf_submitting_1\"]){return false;}  window[\"gf_submitting_1\"]=true;  ' onkeypress='if( event.keyCode == 13 ){ if(window[\"gf_submitting_1\"]){return false;} window[\"gf_submitting_1\"]=true;  jQuery(\"#gform_1\").trigger(\"submit\",[true]); }' \/> \n            <input type='hidden' class='gform_hidden' name='is_submit_1' value='1' \/>\n            <input type='hidden' class='gform_hidden' name='gform_submit' value='1' \/>\n            \n            <input type='hidden' class='gform_hidden' name='gform_unique_id' value='' \/>\n            <input type='hidden' class='gform_hidden' name='state_1' value='WyJbXSIsIjY3ZWNjOTcwODMwMzRmMzk1MDc2OTMyMjQyNjMyODIwIl0=' \/>\n            <input type='hidden' class='gform_hidden' name='gform_target_page_number_1' id='gform_target_page_number_1' value='0' \/>\n            <input type='hidden' class='gform_hidden' name='gform_source_page_number_1' id='gform_source_page_number_1' value='1' \/>\n            <input type='hidden' name='gform_field_values' value='' \/>\n            \n        <\/div>\n                        <\/form>\n                        <\/div><script type='text\/javascript'> jQuery(document).bind('gform_post_render', function(event, formId, currentPage){if(formId == 1) {} } );jQuery(document).bind('gform_post_conditional_logic', function(event, formId, fields, isInit){} );<\/script><script type='text\/javascript'> jQuery(document).ready(function(){jQuery(document).trigger('gform_post_render', [1, 1]) } ); <\/script>\n","protected":false},"excerpt":{"rendered":"<p>H\u00f4tel d&#8217;Argenson 15 Rue d&#8217;Argenson, 75008, Paris, France +33 1 42 65 16 87 contact@hotelargenson.com<\/p>\n","protected":false},"author":90,"featured_media":0,"parent":0,"menu_order":0,"comment_status":"closed","ping_status":"closed","template":"template-contacts.php","meta":{"footnotes":""},"yoast_head":"<!-- This site is optimized with the Yoast SEO plugin v22.3 - https:\/\/yoast.com\/wordpress\/plugins\/seo\/ -->\n<title>Contacto - Hotel d&#039;Argenson Paris<\/title>\n<meta name=\"robots\" content=\"index, follow, max-snippet:-1, max-image-preview:large, max-video-preview:-1\" \/>\n<link rel=\"canonical\" href=\"https:\/\/www.hotelargenson.com\/es\/contacto\/\" \/>\n<meta property=\"og:locale\" content=\"es_ES\" \/>\n<meta property=\"og:type\" content=\"article\" \/>\n<meta property=\"og:title\" content=\"Contacto - Hotel d&#039;Argenson Paris\" \/>\n<meta property=\"og:description\" content=\"H\u00f4tel d&#8217;Argenson 15 Rue d&#8217;Argenson, 75008, Paris, France +33 1 42 65 16 87 contact@hotelargenson.com\" \/>\n<meta property=\"og:url\" content=\"https:\/\/www.hotelargenson.com\/es\/contacto\/\" \/>\n<meta property=\"og:site_name\" content=\"Hotel d&#039;Argenson Paris\" \/>\n<meta property=\"article:modified_time\" content=\"2025-11-24T09:59:59+00:00\" \/>\n<meta name=\"twitter:card\" content=\"summary_large_image\" \/>\n<script type=\"application\/ld+json\" class=\"yoast-schema-graph\">{\"@context\":\"https:\/\/schema.org\",\"@graph\":[{\"@type\":\"WebPage\",\"@id\":\"https:\/\/www.hotelargenson.com\/es\/contacto\/\",\"url\":\"https:\/\/www.hotelargenson.com\/es\/contacto\/\",\"name\":\"Contacto - Hotel d'Argenson Paris\",\"isPartOf\":{\"@id\":\"https:\/\/www.hotelargenson.com\/es\/#website\"},\"datePublished\":\"2023-09-28T18:43:21+00:00\",\"dateModified\":\"2025-11-24T09:59:59+00:00\",\"breadcrumb\":{\"@id\":\"https:\/\/www.hotelargenson.com\/es\/contacto\/#breadcrumb\"},\"inLanguage\":\"es\",\"potentialAction\":[{\"@type\":\"ReadAction\",\"target\":[\"https:\/\/www.hotelargenson.com\/es\/contacto\/\"]}]},{\"@type\":\"BreadcrumbList\",\"@id\":\"https:\/\/www.hotelargenson.com\/es\/contacto\/#breadcrumb\",\"itemListElement\":[{\"@type\":\"ListItem\",\"position\":1,\"name\":\"Accueil\",\"item\":\"https:\/\/www.hotelargenson.com\/es\/\"},{\"@type\":\"ListItem\",\"position\":2,\"name\":\"Contacto\"}]},{\"@type\":\"WebSite\",\"@id\":\"https:\/\/www.hotelargenson.com\/es\/#website\",\"url\":\"https:\/\/www.hotelargenson.com\/es\/\",\"name\":\"Hotel d'Argenson Paris\",\"description\":\"\",\"potentialAction\":[{\"@type\":\"SearchAction\",\"target\":{\"@type\":\"EntryPoint\",\"urlTemplate\":\"https:\/\/www.hotelargenson.com\/es\/?s={search_term_string}\"},\"query-input\":\"required name=search_term_string\"}],\"inLanguage\":\"es\"}]}<\/script>\n<!-- \/ Yoast SEO plugin. -->","yoast_head_json":{"title":"Contacto - Hotel d'Argenson Paris","robots":{"index":"index","follow":"follow","max-snippet":"max-snippet:-1","max-image-preview":"max-image-preview:large","max-video-preview":"max-video-preview:-1"},"canonical":"https:\/\/www.hotelargenson.com\/es\/contacto\/","og_locale":"es_ES","og_type":"article","og_title":"Contacto - Hotel d'Argenson Paris","og_description":"H\u00f4tel d&#8217;Argenson 15 Rue d&#8217;Argenson, 75008, Paris, France +33 1 42 65 16 87 contact@hotelargenson.com","og_url":"https:\/\/www.hotelargenson.com\/es\/contacto\/","og_site_name":"Hotel d'Argenson Paris","article_modified_time":"2025-11-24T09:59:59+00:00","twitter_card":"summary_large_image","schema":{"@context":"https:\/\/schema.org","@graph":[{"@type":"WebPage","@id":"https:\/\/www.hotelargenson.com\/es\/contacto\/","url":"https:\/\/www.hotelargenson.com\/es\/contacto\/","name":"Contacto - Hotel d'Argenson Paris","isPartOf":{"@id":"https:\/\/www.hotelargenson.com\/es\/#website"},"datePublished":"2023-09-28T18:43:21+00:00","dateModified":"2025-11-24T09:59:59+00:00","breadcrumb":{"@id":"https:\/\/www.hotelargenson.com\/es\/contacto\/#breadcrumb"},"inLanguage":"es","potentialAction":[{"@type":"ReadAction","target":["https:\/\/www.hotelargenson.com\/es\/contacto\/"]}]},{"@type":"BreadcrumbList","@id":"https:\/\/www.hotelargenson.com\/es\/contacto\/#breadcrumb","itemListElement":[{"@type":"ListItem","position":1,"name":"Accueil","item":"https:\/\/www.hotelargenson.com\/es\/"},{"@type":"ListItem","position":2,"name":"Contacto"}]},{"@type":"WebSite","@id":"https:\/\/www.hotelargenson.com\/es\/#website","url":"https:\/\/www.hotelargenson.com\/es\/","name":"Hotel d'Argenson Paris","description":"","potentialAction":[{"@type":"SearchAction","target":{"@type":"EntryPoint","urlTemplate":"https:\/\/www.hotelargenson.com\/es\/?s={search_term_string}"},"query-input":"required name=search_term_string"}],"inLanguage":"es"}]}},"acf":[],"_links":{"self":[{"href":"https:\/\/www.hotelargenson.com\/es\/wp-json\/wp\/v2\/pages\/508"}],"collection":[{"href":"https:\/\/www.hotelargenson.com\/es\/wp-json\/wp\/v2\/pages"}],"about":[{"href":"https:\/\/www.hotelargenson.com\/es\/wp-json\/wp\/v2\/types\/page"}],"author":[{"embeddable":true,"href":"https:\/\/www.hotelargenson.com\/es\/wp-json\/wp\/v2\/users\/90"}],"replies":[{"embeddable":true,"href":"https:\/\/www.hotelargenson.com\/es\/wp-json\/wp\/v2\/comments?post=508"}],"version-history":[{"count":0,"href":"https:\/\/www.hotelargenson.com\/es\/wp-json\/wp\/v2\/pages\/508\/revisions"}],"wp:attachment":[{"href":"https:\/\/www.hotelargenson.com\/es\/wp-json\/wp\/v2\/media?parent=508"}],"curies":[{"name":"wp","href":"https:\/\/api.w.org\/{rel}","templated":true}]}}