{"id":503,"date":"2023-09-28T20:42:01","date_gmt":"2023-09-28T18:42:01","guid":{"rendered":"https:\/\/www.hotelargenson.com\/?page_id=503"},"modified":"2025-11-24T10:57:53","modified_gmt":"2025-11-24T09:57:53","slug":"mentions-legales","status":"publish","type":"page","link":"https:\/\/www.hotelargenson.com\/es\/mentions-legales\/","title":{"rendered":"Informaci\u00f3n legal"},"content":{"rendered":"<h3 data-start=\"277\" data-end=\"315\"><strong data-start=\"281\" data-end=\"315\">Protecci\u00f3n de datos personales<\/strong><\/h3>\n<p data-start=\"317\" data-end=\"618\">El hotel, como responsable del tratamiento, recopila y procesa los datos personales con el fin de gestionar las reservas y clientes, la facturaci\u00f3n y los pagos, as\u00ed como realizar acciones de marketing y encuestas de satisfacci\u00f3n.<br data-start=\"546\" data-end=\"549\" \/>Los datos est\u00e1n destinados al hotel y a sus proveedores de servicios.<\/p>\n<p data-start=\"620\" data-end=\"758\">Usted tiene derecho a consultar, acceder, rectificar y oponerse al tratamiento de sus datos escribiendo al hotel a la siguiente direcci\u00f3n:<\/p>\n<p data-start=\"760\" data-end=\"883\"><strong data-start=\"760\" data-end=\"787\">H\u00f4tel d\u2019Argenson (9002)<\/strong><br data-start=\"787\" data-end=\"790\" \/>15 Rue d\u2019Argenson<br data-start=\"807\" data-end=\"810\" \/>75008 Par\u00eds<br data-start=\"821\" data-end=\"824\" \/>E-mail: <a class=\"decorated-link cursor-pointer\" rel=\"noopener\" data-start=\"832\" data-end=\"857\">contact@hotelargenson.com<\/a><br data-start=\"857\" data-end=\"860\" \/><a class=\"decorated-link\" href=\"http:\/\/www.hotelargenson.com\" target=\"_new\" rel=\"noopener\" data-start=\"860\" data-end=\"881\">www.hotelargenson.com<\/a><\/p>\n<p data-start=\"885\" data-end=\"944\">(Declaraci\u00f3n CNIL del proveedor de alojamiento n.\u00ba 1372618)<\/p>\n<hr data-start=\"946\" data-end=\"949\" \/>\n<h3 data-start=\"951\" data-end=\"979\"><strong data-start=\"955\" data-end=\"979\">Dep\u00f3sito de garant\u00eda<\/strong><\/h3>\n<p data-start=\"981\" data-end=\"1059\">Se solicitar\u00e1 un dep\u00f3sito de garant\u00eda de <strong data-start=\"1022\" data-end=\"1045\">150 euros por noche<\/strong> a la llegada.<\/p>\n<hr data-start=\"1061\" data-end=\"1064\" \/>\n<h3 data-start=\"1066\" data-end=\"1092\"><strong data-start=\"1070\" data-end=\"1092\">Transacci\u00f3n segura<\/strong><\/h3>\n<p data-start=\"1094\" data-end=\"1412\">Nuestro sitio web est\u00e1 equipado con avanzados mecanismos de seguridad en l\u00ednea.<br data-start=\"1173\" data-end=\"1176\" \/>Cada etapa del proceso de reserva est\u00e1 protegida por la tecnolog\u00eda <strong data-start=\"1243\" data-end=\"1272\">Secure Socket Layer (SSL)<\/strong>, l\u00edder en este \u00e1mbito.<br data-start=\"1295\" data-end=\"1298\" \/>Su informaci\u00f3n se cifra y se protege mediante mecanismos de autenticaci\u00f3n del servidor y de encriptaci\u00f3n de datos.<\/p>\n<p data-start=\"1414\" data-end=\"1603\">El certificado de seguridad utilizado es emitido por un proveedor acreditado, <strong data-start=\"1492\" data-end=\"1533\">USERTrust RSA Certification Authority<\/strong>.<br data-start=\"1534\" data-end=\"1537\" \/>Este certificado es utilizado por el sistema de reservas Availpro.<\/p>\n<p data-start=\"1605\" data-end=\"1797\">El sistema de reservas tambi\u00e9n est\u00e1 alojado en un entorno seguro, equipado con mecanismos biom\u00e9tricos, firewall y otras tecnolog\u00edas avanzadas para prevenir cualquier intrusi\u00f3n o interferencia.<\/p>\n<hr data-start=\"1799\" data-end=\"1802\" \/>\n<h3 data-start=\"1804\" data-end=\"1836\"><strong data-start=\"1808\" data-end=\"1836\">Mejor precio garantizado<\/strong><\/h3>\n<p data-start=\"1838\" data-end=\"1985\">Est\u00e1 en el sitio oficial del hotel. Las tarifas mostradas son las mejores disponibles.<br data-start=\"1924\" data-end=\"1927\" \/>Reservando a trav\u00e9s de nuestra web, usted se beneficia de:<\/p>\n<p data-start=\"1987\" data-end=\"2177\">\u2714\ufe0f Los mejores precios disponibles<br data-start=\"2021\" data-end=\"2024\" \/>\u2714\ufe0f Una reserva sin intermediarios y sin gastos adicionales<br data-start=\"2082\" data-end=\"2085\" \/>\u2714\ufe0f Un tratamiento inmediato de su reserva<br data-start=\"2126\" data-end=\"2129\" \/>\u2714\ufe0f Un contacto directo con el equipo del hotel<\/p>\n<hr data-start=\"2179\" data-end=\"2182\" \/>\n<h3 data-start=\"2184\" data-end=\"2205\"><strong data-start=\"2188\" data-end=\"2205\">Sitio oficial<\/strong><\/h3>\n<p data-start=\"2207\" data-end=\"2447\">Usted realiza su reserva directamente en la web del hotel.<br data-start=\"2265\" data-end=\"2268\" \/>Este sitio es gestionado por el personal del establecimiento.<br data-start=\"2329\" data-end=\"2332\" \/>Las ofertas propuestas son las mismas que las disponibles por tel\u00e9fono.<br data-start=\"2403\" data-end=\"2406\" \/>De este modo, usted tiene la garant\u00eda de:<\/p>\n<p data-start=\"2449\" data-end=\"2635\">\u2714\ufe0f Los mejores precios disponibles<br data-start=\"2483\" data-end=\"2486\" \/>\u2714\ufe0f Las \u00faltimas habitaciones disponibles<br data-start=\"2525\" data-end=\"2528\" \/>\u2714\ufe0f Un tratamiento inmediato de su reserva<br data-start=\"2569\" data-end=\"2572\" \/>\u2714\ufe0f Una reserva sin intermediarios<br data-start=\"2605\" data-end=\"2608\" \/>\u2714\ufe0f Una transacci\u00f3n segura<\/p>\n<hr data-start=\"2637\" data-end=\"2640\" \/>\n<h3 data-start=\"2642\" data-end=\"2686\"><strong data-start=\"2646\" data-end=\"2686\">Ausencia de derecho de desistimiento<\/strong><\/h3>\n<p data-start=\"2688\" data-end=\"2985\">De conformidad con el art\u00edculo L.221-28 del C\u00f3digo de Consumo, se informa al cliente de que <strong data-start=\"2780\" data-end=\"2822\">no dispone de derecho de desistimiento<\/strong> para los servicios de alojamiento prestados en una fecha o per\u00edodo determinado.<br data-start=\"2902\" data-end=\"2905\" \/>Por lo tanto, toda reserva realizada en nuestro sitio es <strong data-start=\"2962\" data-end=\"2984\">firme y definitiva<\/strong>.<\/p>\n<hr data-start=\"2987\" data-end=\"2990\" \/>\n<h3 data-start=\"2992\" data-end=\"3019\"><strong data-start=\"2996\" data-end=\"3019\">Mediador de consumo<\/strong><\/h3>\n<p data-start=\"3021\" data-end=\"3109\">En caso de litigio, el cliente puede contactar gratuitamente con el mediador de consumo:<\/p>\n<p data-start=\"3111\" data-end=\"3214\"><strong data-start=\"3111\" data-end=\"3143\">M\u00e9diateur Tourisme et Voyage<\/strong><br data-start=\"3143\" data-end=\"3146\" \/>Direcci\u00f3n: BP 80303, 75823 Par\u00eds Cedex 17<br data-start=\"3187\" data-end=\"3190\" \/>Email: <a class=\"decorated-link cursor-pointer\" rel=\"noopener\" data-start=\"3197\" data-end=\"3212\">info@mtv.travel<\/a><\/p>\n<hr data-start=\"3216\" data-end=\"3219\" \/>\n<h3 data-start=\"3221\" data-end=\"3246\"><strong data-start=\"3225\" data-end=\"3246\">Informaci\u00f3n legal<\/strong><\/h3>\n<p data-start=\"3248\" data-end=\"3488\"><strong data-start=\"3248\" data-end=\"3268\">H\u00f4tel d&#8217;Argenson<\/strong><br data-start=\"3268\" data-end=\"3271\" \/>Sociedad explotadora H\u00f4tel d&#8217;Argenson<br data-start=\"3308\" data-end=\"3311\" \/>Capital social: 8.100 \u20ac<br data-start=\"3334\" data-end=\"3337\" \/>RCS: 552 099 517<br data-start=\"3353\" data-end=\"3356\" \/>N.\u00ba de IVA intracomunitario: FR 89 552 099 517<br data-start=\"3402\" data-end=\"3405\" \/>Sede social: 15 Rue d&#8217;Argenson, 75008 Par\u00eds<br data-start=\"3448\" data-end=\"3451\" \/>Contacto: <a class=\"decorated-link cursor-pointer\" rel=\"noopener\" data-start=\"3461\" data-end=\"3486\">contact@hotelargenson.com<\/a><\/p>\n","protected":false},"excerpt":{"rendered":"<p>Protecci\u00f3n de datos personales El hotel, como responsable del tratamiento, recopila y procesa los datos personales con el fin de gestionar las reservas y clientes, la facturaci\u00f3n y los pagos, as\u00ed como realizar acciones de marketing y encuestas de satisfacci\u00f3n.Los datos est\u00e1n destinados al hotel y a sus proveedores de servicios. Usted tiene derecho a [&hellip;]<\/p>\n","protected":false},"author":90,"featured_media":0,"parent":0,"menu_order":0,"comment_status":"closed","ping_status":"closed","template":"","meta":{"footnotes":""},"yoast_head":"<!-- This site is optimized with the Yoast SEO plugin v22.3 - https:\/\/yoast.com\/wordpress\/plugins\/seo\/ -->\n<title>Informaci\u00f3n legal - Hotel d&#039;Argenson Paris<\/title>\n<meta name=\"robots\" content=\"index, follow, max-snippet:-1, max-image-preview:large, max-video-preview:-1\" \/>\n<link rel=\"canonical\" href=\"https:\/\/www.hotelargenson.com\/es\/mentions-legales\/\" \/>\n<meta property=\"og:locale\" content=\"es_ES\" \/>\n<meta property=\"og:type\" content=\"article\" \/>\n<meta property=\"og:title\" content=\"Informaci\u00f3n legal - Hotel d&#039;Argenson Paris\" \/>\n<meta property=\"og:description\" content=\"Protecci\u00f3n de datos personales El hotel, como responsable del tratamiento, recopila y procesa los datos personales con el fin de gestionar las reservas y clientes, la facturaci\u00f3n y los pagos, as\u00ed como realizar acciones de marketing y encuestas de satisfacci\u00f3n.Los datos est\u00e1n destinados al hotel y a sus proveedores de servicios. Usted tiene derecho a [&hellip;]\" \/>\n<meta property=\"og:url\" content=\"https:\/\/www.hotelargenson.com\/es\/mentions-legales\/\" \/>\n<meta property=\"og:site_name\" content=\"Hotel d&#039;Argenson Paris\" \/>\n<meta property=\"article:modified_time\" content=\"2025-11-24T09:57:53+00:00\" \/>\n<meta name=\"twitter:card\" content=\"summary_large_image\" \/>\n<meta name=\"twitter:label1\" content=\"Tiempo de lectura\" \/>\n\t<meta name=\"twitter:data1\" content=\"2 minutos\" \/>\n<script type=\"application\/ld+json\" class=\"yoast-schema-graph\">{\"@context\":\"https:\/\/schema.org\",\"@graph\":[{\"@type\":\"WebPage\",\"@id\":\"https:\/\/www.hotelargenson.com\/es\/mentions-legales\/\",\"url\":\"https:\/\/www.hotelargenson.com\/es\/mentions-legales\/\",\"name\":\"Informaci\u00f3n legal - Hotel d'Argenson Paris\",\"isPartOf\":{\"@id\":\"https:\/\/www.hotelargenson.com\/es\/#website\"},\"datePublished\":\"2023-09-28T18:42:01+00:00\",\"dateModified\":\"2025-11-24T09:57:53+00:00\",\"breadcrumb\":{\"@id\":\"https:\/\/www.hotelargenson.com\/es\/mentions-legales\/#breadcrumb\"},\"inLanguage\":\"es\",\"potentialAction\":[{\"@type\":\"ReadAction\",\"target\":[\"https:\/\/www.hotelargenson.com\/es\/mentions-legales\/\"]}]},{\"@type\":\"BreadcrumbList\",\"@id\":\"https:\/\/www.hotelargenson.com\/es\/mentions-legales\/#breadcrumb\",\"itemListElement\":[{\"@type\":\"ListItem\",\"position\":1,\"name\":\"Accueil\",\"item\":\"https:\/\/www.hotelargenson.com\/es\/\"},{\"@type\":\"ListItem\",\"position\":2,\"name\":\"Informaci\u00f3n legal\"}]},{\"@type\":\"WebSite\",\"@id\":\"https:\/\/www.hotelargenson.com\/es\/#website\",\"url\":\"https:\/\/www.hotelargenson.com\/es\/\",\"name\":\"Hotel d'Argenson Paris\",\"description\":\"\",\"potentialAction\":[{\"@type\":\"SearchAction\",\"target\":{\"@type\":\"EntryPoint\",\"urlTemplate\":\"https:\/\/www.hotelargenson.com\/es\/?s={search_term_string}\"},\"query-input\":\"required name=search_term_string\"}],\"inLanguage\":\"es\"}]}<\/script>\n<!-- \/ Yoast SEO plugin. -->","yoast_head_json":{"title":"Informaci\u00f3n legal - Hotel d'Argenson Paris","robots":{"index":"index","follow":"follow","max-snippet":"max-snippet:-1","max-image-preview":"max-image-preview:large","max-video-preview":"max-video-preview:-1"},"canonical":"https:\/\/www.hotelargenson.com\/es\/mentions-legales\/","og_locale":"es_ES","og_type":"article","og_title":"Informaci\u00f3n legal - Hotel d'Argenson Paris","og_description":"Protecci\u00f3n de datos personales El hotel, como responsable del tratamiento, recopila y procesa los datos personales con el fin de gestionar las reservas y clientes, la facturaci\u00f3n y los pagos, as\u00ed como realizar acciones de marketing y encuestas de satisfacci\u00f3n.Los datos est\u00e1n destinados al hotel y a sus proveedores de servicios. Usted tiene derecho a [&hellip;]","og_url":"https:\/\/www.hotelargenson.com\/es\/mentions-legales\/","og_site_name":"Hotel d'Argenson Paris","article_modified_time":"2025-11-24T09:57:53+00:00","twitter_card":"summary_large_image","twitter_misc":{"Tiempo de lectura":"2 minutos"},"schema":{"@context":"https:\/\/schema.org","@graph":[{"@type":"WebPage","@id":"https:\/\/www.hotelargenson.com\/es\/mentions-legales\/","url":"https:\/\/www.hotelargenson.com\/es\/mentions-legales\/","name":"Informaci\u00f3n legal - Hotel d'Argenson Paris","isPartOf":{"@id":"https:\/\/www.hotelargenson.com\/es\/#website"},"datePublished":"2023-09-28T18:42:01+00:00","dateModified":"2025-11-24T09:57:53+00:00","breadcrumb":{"@id":"https:\/\/www.hotelargenson.com\/es\/mentions-legales\/#breadcrumb"},"inLanguage":"es","potentialAction":[{"@type":"ReadAction","target":["https:\/\/www.hotelargenson.com\/es\/mentions-legales\/"]}]},{"@type":"BreadcrumbList","@id":"https:\/\/www.hotelargenson.com\/es\/mentions-legales\/#breadcrumb","itemListElement":[{"@type":"ListItem","position":1,"name":"Accueil","item":"https:\/\/www.hotelargenson.com\/es\/"},{"@type":"ListItem","position":2,"name":"Informaci\u00f3n legal"}]},{"@type":"WebSite","@id":"https:\/\/www.hotelargenson.com\/es\/#website","url":"https:\/\/www.hotelargenson.com\/es\/","name":"Hotel d'Argenson Paris","description":"","potentialAction":[{"@type":"SearchAction","target":{"@type":"EntryPoint","urlTemplate":"https:\/\/www.hotelargenson.com\/es\/?s={search_term_string}"},"query-input":"required name=search_term_string"}],"inLanguage":"es"}]}},"acf":[],"_links":{"self":[{"href":"https:\/\/www.hotelargenson.com\/es\/wp-json\/wp\/v2\/pages\/503"}],"collection":[{"href":"https:\/\/www.hotelargenson.com\/es\/wp-json\/wp\/v2\/pages"}],"about":[{"href":"https:\/\/www.hotelargenson.com\/es\/wp-json\/wp\/v2\/types\/page"}],"author":[{"embeddable":true,"href":"https:\/\/www.hotelargenson.com\/es\/wp-json\/wp\/v2\/users\/90"}],"replies":[{"embeddable":true,"href":"https:\/\/www.hotelargenson.com\/es\/wp-json\/wp\/v2\/comments?post=503"}],"version-history":[{"count":0,"href":"https:\/\/www.hotelargenson.com\/es\/wp-json\/wp\/v2\/pages\/503\/revisions"}],"wp:attachment":[{"href":"https:\/\/www.hotelargenson.com\/es\/wp-json\/wp\/v2\/media?parent=503"}],"curies":[{"name":"wp","href":"https:\/\/api.w.org\/{rel}","templated":true}]}}