{"id":190,"date":"2023-09-28T20:54:17","date_gmt":"2023-09-28T18:54:17","guid":{"rendered":"https:\/\/argenson.ms2.decms.eu\/situation\/"},"modified":"2023-11-16T15:40:20","modified_gmt":"2023-11-16T14:40:20","slug":"loacation","status":"publish","type":"page","link":"https:\/\/www.hotelargenson.com\/en\/loacation\/","title":{"rendered":"Location of the Hotel d&#8217;Argenson Paris"},"content":{"rendered":"<p style=\"text-align: center;\"><strong>The Louvre, the Sacr\u00e9-Coeur, the Sainte-Chapelle and the Grand Palais are all within easy reach of the hotel.<\/strong><\/p>\n<p style=\"text-align: center;\">The H\u00f4tel d&#8217;Argenson is located in the 8th arrondissement of Paris, 1.3 km from the Op\u00e9ra Garnier and 1.7 km from the Arc de Triomphe. Reception is open 24 hours a day and WiFi is free. Miromesnil metro station is 200 m away.<\/p>\n<p style=\"text-align: center;\">The Louvre Museum is 2.6 km from the H\u00f4tel d&#8217;Argenson, and the Eiffel Tower is 2.8 km away. The nearest train station is Gare Saint-Lazare, 700 m away. Charles de Gaulle airport is 36 km from the property.<\/p>\n<p style=\"text-align: center;\">The 8th Arr. is an excellent choice for travelers interested in shopping, dining and romance.<\/p>\n<p style=\"text-align: center;\">It&#8217;s our customers&#8217; favorite Paris neighborhood, according to independent reviews. The area is also ideal for shopping, with popular brands nearby: Gucci, Herm\u00e8s, Ralph Lauren, Chanel, Burberry.<\/p>\n","protected":false},"excerpt":{"rendered":"<p>The Louvre, the Sacr\u00e9-Coeur, the Sainte-Chapelle and the Grand Palais are all within easy reach of the hotel. The H\u00f4tel d&#8217;Argenson is located in the 8th arrondissement of Paris, 1.3 km from the Op\u00e9ra Garnier and 1.7 km from the Arc de Triomphe. Reception is open 24 hours a day and WiFi is free. Miromesnil [&hellip;]<\/p>\n","protected":false},"author":25,"featured_media":0,"parent":0,"menu_order":0,"comment_status":"closed","ping_status":"closed","template":"template-location.php","meta":{"footnotes":""},"yoast_head":"<!-- This site is optimized with the Yoast SEO plugin v22.3 - https:\/\/yoast.com\/wordpress\/plugins\/seo\/ -->\n<title>Location of the Hotel d&#039;Argenson Paris - Hotel d&#039;Argenson Paris<\/title>\n<meta name=\"robots\" content=\"index, follow, max-snippet:-1, max-image-preview:large, max-video-preview:-1\" \/>\n<link rel=\"canonical\" href=\"https:\/\/www.hotelargenson.com\/en\/loacation\/\" \/>\n<meta property=\"og:locale\" content=\"en_US\" \/>\n<meta property=\"og:type\" content=\"article\" \/>\n<meta property=\"og:title\" content=\"Location of the Hotel d&#039;Argenson Paris - Hotel d&#039;Argenson Paris\" \/>\n<meta property=\"og:description\" content=\"The Louvre, the Sacr\u00e9-Coeur, the Sainte-Chapelle and the Grand Palais are all within easy reach of the hotel. The H\u00f4tel d&#8217;Argenson is located in the 8th arrondissement of Paris, 1.3 km from the Op\u00e9ra Garnier and 1.7 km from the Arc de Triomphe. Reception is open 24 hours a day and WiFi is free. Miromesnil [&hellip;]\" \/>\n<meta property=\"og:url\" content=\"https:\/\/www.hotelargenson.com\/en\/loacation\/\" \/>\n<meta property=\"og:site_name\" content=\"Hotel d&#039;Argenson Paris\" \/>\n<meta property=\"article:modified_time\" content=\"2023-11-16T14:40:20+00:00\" \/>\n<meta name=\"twitter:card\" content=\"summary_large_image\" \/>\n<meta name=\"twitter:label1\" content=\"Est. reading time\" \/>\n\t<meta name=\"twitter:data1\" content=\"1 minute\" \/>\n<script type=\"application\/ld+json\" class=\"yoast-schema-graph\">{\"@context\":\"https:\/\/schema.org\",\"@graph\":[{\"@type\":\"WebPage\",\"@id\":\"https:\/\/www.hotelargenson.com\/en\/loacation\/\",\"url\":\"https:\/\/www.hotelargenson.com\/en\/loacation\/\",\"name\":\"Location of the Hotel d'Argenson Paris - Hotel d'Argenson Paris\",\"isPartOf\":{\"@id\":\"https:\/\/www.hotelargenson.com\/en\/#website\"},\"datePublished\":\"2023-09-28T18:54:17+00:00\",\"dateModified\":\"2023-11-16T14:40:20+00:00\",\"breadcrumb\":{\"@id\":\"https:\/\/www.hotelargenson.com\/en\/loacation\/#breadcrumb\"},\"inLanguage\":\"en-US\",\"potentialAction\":[{\"@type\":\"ReadAction\",\"target\":[\"https:\/\/www.hotelargenson.com\/en\/loacation\/\"]}]},{\"@type\":\"BreadcrumbList\",\"@id\":\"https:\/\/www.hotelargenson.com\/en\/loacation\/#breadcrumb\",\"itemListElement\":[{\"@type\":\"ListItem\",\"position\":1,\"name\":\"Accueil\",\"item\":\"https:\/\/www.hotelargenson.com\/en\/\"},{\"@type\":\"ListItem\",\"position\":2,\"name\":\"Location of the Hotel d&#8217;Argenson Paris\"}]},{\"@type\":\"WebSite\",\"@id\":\"https:\/\/www.hotelargenson.com\/en\/#website\",\"url\":\"https:\/\/www.hotelargenson.com\/en\/\",\"name\":\"Hotel d'Argenson Paris\",\"description\":\"\",\"potentialAction\":[{\"@type\":\"SearchAction\",\"target\":{\"@type\":\"EntryPoint\",\"urlTemplate\":\"https:\/\/www.hotelargenson.com\/en\/?s={search_term_string}\"},\"query-input\":\"required name=search_term_string\"}],\"inLanguage\":\"en-US\"}]}<\/script>\n<!-- \/ Yoast SEO plugin. -->","yoast_head_json":{"title":"Location of the Hotel d'Argenson Paris - Hotel d'Argenson Paris","robots":{"index":"index","follow":"follow","max-snippet":"max-snippet:-1","max-image-preview":"max-image-preview:large","max-video-preview":"max-video-preview:-1"},"canonical":"https:\/\/www.hotelargenson.com\/en\/loacation\/","og_locale":"en_US","og_type":"article","og_title":"Location of the Hotel d'Argenson Paris - Hotel d'Argenson Paris","og_description":"The Louvre, the Sacr\u00e9-Coeur, the Sainte-Chapelle and the Grand Palais are all within easy reach of the hotel. The H\u00f4tel d&#8217;Argenson is located in the 8th arrondissement of Paris, 1.3 km from the Op\u00e9ra Garnier and 1.7 km from the Arc de Triomphe. Reception is open 24 hours a day and WiFi is free. Miromesnil [&hellip;]","og_url":"https:\/\/www.hotelargenson.com\/en\/loacation\/","og_site_name":"Hotel d'Argenson Paris","article_modified_time":"2023-11-16T14:40:20+00:00","twitter_card":"summary_large_image","twitter_misc":{"Est. reading time":"1 minute"},"schema":{"@context":"https:\/\/schema.org","@graph":[{"@type":"WebPage","@id":"https:\/\/www.hotelargenson.com\/en\/loacation\/","url":"https:\/\/www.hotelargenson.com\/en\/loacation\/","name":"Location of the Hotel d'Argenson Paris - Hotel d'Argenson Paris","isPartOf":{"@id":"https:\/\/www.hotelargenson.com\/en\/#website"},"datePublished":"2023-09-28T18:54:17+00:00","dateModified":"2023-11-16T14:40:20+00:00","breadcrumb":{"@id":"https:\/\/www.hotelargenson.com\/en\/loacation\/#breadcrumb"},"inLanguage":"en-US","potentialAction":[{"@type":"ReadAction","target":["https:\/\/www.hotelargenson.com\/en\/loacation\/"]}]},{"@type":"BreadcrumbList","@id":"https:\/\/www.hotelargenson.com\/en\/loacation\/#breadcrumb","itemListElement":[{"@type":"ListItem","position":1,"name":"Accueil","item":"https:\/\/www.hotelargenson.com\/en\/"},{"@type":"ListItem","position":2,"name":"Location of the Hotel d&#8217;Argenson Paris"}]},{"@type":"WebSite","@id":"https:\/\/www.hotelargenson.com\/en\/#website","url":"https:\/\/www.hotelargenson.com\/en\/","name":"Hotel d'Argenson Paris","description":"","potentialAction":[{"@type":"SearchAction","target":{"@type":"EntryPoint","urlTemplate":"https:\/\/www.hotelargenson.com\/en\/?s={search_term_string}"},"query-input":"required name=search_term_string"}],"inLanguage":"en-US"}]}},"acf":[],"_links":{"self":[{"href":"https:\/\/www.hotelargenson.com\/en\/wp-json\/wp\/v2\/pages\/190"}],"collection":[{"href":"https:\/\/www.hotelargenson.com\/en\/wp-json\/wp\/v2\/pages"}],"about":[{"href":"https:\/\/www.hotelargenson.com\/en\/wp-json\/wp\/v2\/types\/page"}],"author":[{"embeddable":true,"href":"https:\/\/www.hotelargenson.com\/en\/wp-json\/wp\/v2\/users\/25"}],"replies":[{"embeddable":true,"href":"https:\/\/www.hotelargenson.com\/en\/wp-json\/wp\/v2\/comments?post=190"}],"version-history":[{"count":0,"href":"https:\/\/www.hotelargenson.com\/en\/wp-json\/wp\/v2\/pages\/190\/revisions"}],"wp:attachment":[{"href":"https:\/\/www.hotelargenson.com\/en\/wp-json\/wp\/v2\/media?parent=190"}],"curies":[{"name":"wp","href":"https:\/\/api.w.org\/{rel}","templated":true}]}}