{"id":537,"date":"2023-10-31T14:37:10","date_gmt":"2023-10-31T13:37:10","guid":{"rendered":"https:\/\/www.hotelargenson.com\/?page_id=537"},"modified":"2025-11-24T17:06:41","modified_gmt":"2025-11-24T16:06:41","slug":"deluxe-zimmer","status":"publish","type":"page","link":"https:\/\/www.hotelargenson.com\/de\/unsere-zimmer\/deluxe-zimmer\/","title":{"rendered":"Deluxe Zimmer"},"content":{"rendered":"<p style=\"text-align: center\">Gro\u00dfes Deluxe-Doppelzimmer mit Stadtblick, ausgestattet mit einem gro\u00dfen Bett (160&#215;180) und der M\u00f6glichkeit, auf Anfrage ein zus\u00e4tzliches Bett hinzuzuf\u00fcgen.<br data-start=\"604\" data-end=\"607\" \/>Einige Zimmer verf\u00fcgen \u00fcber einen Balkon.<\/p>\n","protected":false},"excerpt":{"rendered":"<p>Gro\u00dfes Deluxe-Doppelzimmer mit Stadtblick, ausgestattet mit einem gro\u00dfen Bett (160&#215;180) und der M\u00f6glichkeit, auf Anfrage ein zus\u00e4tzliches Bett hinzuzuf\u00fcgen.Einige Zimmer verf\u00fcgen \u00fcber einen Balkon.<\/p>\n","protected":false},"author":90,"featured_media":0,"parent":525,"menu_order":60,"comment_status":"closed","ping_status":"closed","template":"template-single-room.php","meta":{"footnotes":""},"class_list":["post-537","page","type-page","status-publish","hentry"],"yoast_head":"<!-- This site is optimized with the Yoast SEO plugin v27.3 - https:\/\/yoast.com\/product\/yoast-seo-wordpress\/ -->\n<title>Deluxe Zimmer - Hotel d&#039;Argenson Paris<\/title>\n<meta name=\"robots\" content=\"index, follow, max-snippet:-1, max-image-preview:large, max-video-preview:-1\" \/>\n<link rel=\"canonical\" href=\"https:\/\/www.hotelargenson.com\/de\/unsere-zimmer\/deluxe-zimmer\/\" \/>\n<meta property=\"og:locale\" content=\"de_DE\" \/>\n<meta property=\"og:type\" content=\"article\" \/>\n<meta property=\"og:title\" content=\"Deluxe Zimmer - Hotel d&#039;Argenson Paris\" \/>\n<meta property=\"og:description\" content=\"Gro\u00dfes Deluxe-Doppelzimmer mit Stadtblick, ausgestattet mit einem gro\u00dfen Bett (160&#215;180) und der M\u00f6glichkeit, auf Anfrage ein zus\u00e4tzliches Bett hinzuzuf\u00fcgen.Einige Zimmer verf\u00fcgen \u00fcber einen Balkon.\" \/>\n<meta property=\"og:url\" content=\"https:\/\/www.hotelargenson.com\/de\/unsere-zimmer\/deluxe-zimmer\/\" \/>\n<meta property=\"og:site_name\" content=\"Hotel d&#039;Argenson Paris\" \/>\n<meta property=\"article:modified_time\" content=\"2025-11-24T16:06:41+00:00\" \/>\n<meta name=\"twitter:card\" content=\"summary_large_image\" \/>\n<script type=\"application\/ld+json\" class=\"yoast-schema-graph\">{\"@context\":\"https:\\\/\\\/schema.org\",\"@graph\":[{\"@type\":\"WebPage\",\"@id\":\"https:\\\/\\\/www.hotelargenson.com\\\/de\\\/unsere-zimmer\\\/deluxe-zimmer\\\/\",\"url\":\"https:\\\/\\\/www.hotelargenson.com\\\/de\\\/unsere-zimmer\\\/deluxe-zimmer\\\/\",\"name\":\"Deluxe Zimmer - Hotel d'Argenson Paris\",\"isPartOf\":{\"@id\":\"https:\\\/\\\/www.hotelargenson.com\\\/de\\\/#website\"},\"datePublished\":\"2023-10-31T13:37:10+00:00\",\"dateModified\":\"2025-11-24T16:06:41+00:00\",\"breadcrumb\":{\"@id\":\"https:\\\/\\\/www.hotelargenson.com\\\/de\\\/unsere-zimmer\\\/deluxe-zimmer\\\/#breadcrumb\"},\"inLanguage\":\"de-DE\",\"potentialAction\":[{\"@type\":\"ReadAction\",\"target\":[\"https:\\\/\\\/www.hotelargenson.com\\\/de\\\/unsere-zimmer\\\/deluxe-zimmer\\\/\"]}]},{\"@type\":\"BreadcrumbList\",\"@id\":\"https:\\\/\\\/www.hotelargenson.com\\\/de\\\/unsere-zimmer\\\/deluxe-zimmer\\\/#breadcrumb\",\"itemListElement\":[{\"@type\":\"ListItem\",\"position\":1,\"name\":\"Accueil\",\"item\":\"https:\\\/\\\/www.hotelargenson.com\\\/de\\\/\"},{\"@type\":\"ListItem\",\"position\":2,\"name\":\"Zimmer\",\"item\":\"https:\\\/\\\/www.hotelargenson.com\\\/de\\\/unsere-zimmer\\\/\"},{\"@type\":\"ListItem\",\"position\":3,\"name\":\"Deluxe Zimmer\"}]},{\"@type\":\"WebSite\",\"@id\":\"https:\\\/\\\/www.hotelargenson.com\\\/de\\\/#website\",\"url\":\"https:\\\/\\\/www.hotelargenson.com\\\/de\\\/\",\"name\":\"Hotel d'Argenson Paris\",\"description\":\"\",\"potentialAction\":[{\"@type\":\"SearchAction\",\"target\":{\"@type\":\"EntryPoint\",\"urlTemplate\":\"https:\\\/\\\/www.hotelargenson.com\\\/de\\\/?s={search_term_string}\"},\"query-input\":{\"@type\":\"PropertyValueSpecification\",\"valueRequired\":true,\"valueName\":\"search_term_string\"}}],\"inLanguage\":\"de-DE\"}]}<\/script>\n<!-- \/ Yoast SEO plugin. -->","yoast_head_json":{"title":"Deluxe Zimmer - Hotel d'Argenson Paris","robots":{"index":"index","follow":"follow","max-snippet":"max-snippet:-1","max-image-preview":"max-image-preview:large","max-video-preview":"max-video-preview:-1"},"canonical":"https:\/\/www.hotelargenson.com\/de\/unsere-zimmer\/deluxe-zimmer\/","og_locale":"de_DE","og_type":"article","og_title":"Deluxe Zimmer - Hotel d'Argenson Paris","og_description":"Gro\u00dfes Deluxe-Doppelzimmer mit Stadtblick, ausgestattet mit einem gro\u00dfen Bett (160&#215;180) und der M\u00f6glichkeit, auf Anfrage ein zus\u00e4tzliches Bett hinzuzuf\u00fcgen.Einige Zimmer verf\u00fcgen \u00fcber einen Balkon.","og_url":"https:\/\/www.hotelargenson.com\/de\/unsere-zimmer\/deluxe-zimmer\/","og_site_name":"Hotel d'Argenson Paris","article_modified_time":"2025-11-24T16:06:41+00:00","twitter_card":"summary_large_image","schema":{"@context":"https:\/\/schema.org","@graph":[{"@type":"WebPage","@id":"https:\/\/www.hotelargenson.com\/de\/unsere-zimmer\/deluxe-zimmer\/","url":"https:\/\/www.hotelargenson.com\/de\/unsere-zimmer\/deluxe-zimmer\/","name":"Deluxe Zimmer - Hotel d'Argenson Paris","isPartOf":{"@id":"https:\/\/www.hotelargenson.com\/de\/#website"},"datePublished":"2023-10-31T13:37:10+00:00","dateModified":"2025-11-24T16:06:41+00:00","breadcrumb":{"@id":"https:\/\/www.hotelargenson.com\/de\/unsere-zimmer\/deluxe-zimmer\/#breadcrumb"},"inLanguage":"de-DE","potentialAction":[{"@type":"ReadAction","target":["https:\/\/www.hotelargenson.com\/de\/unsere-zimmer\/deluxe-zimmer\/"]}]},{"@type":"BreadcrumbList","@id":"https:\/\/www.hotelargenson.com\/de\/unsere-zimmer\/deluxe-zimmer\/#breadcrumb","itemListElement":[{"@type":"ListItem","position":1,"name":"Accueil","item":"https:\/\/www.hotelargenson.com\/de\/"},{"@type":"ListItem","position":2,"name":"Zimmer","item":"https:\/\/www.hotelargenson.com\/de\/unsere-zimmer\/"},{"@type":"ListItem","position":3,"name":"Deluxe Zimmer"}]},{"@type":"WebSite","@id":"https:\/\/www.hotelargenson.com\/de\/#website","url":"https:\/\/www.hotelargenson.com\/de\/","name":"Hotel d'Argenson Paris","description":"","potentialAction":[{"@type":"SearchAction","target":{"@type":"EntryPoint","urlTemplate":"https:\/\/www.hotelargenson.com\/de\/?s={search_term_string}"},"query-input":{"@type":"PropertyValueSpecification","valueRequired":true,"valueName":"search_term_string"}}],"inLanguage":"de-DE"}]}},"acf":[],"_links":{"self":[{"href":"https:\/\/www.hotelargenson.com\/de\/wp-json\/wp\/v2\/pages\/537","targetHints":{"allow":["GET"]}}],"collection":[{"href":"https:\/\/www.hotelargenson.com\/de\/wp-json\/wp\/v2\/pages"}],"about":[{"href":"https:\/\/www.hotelargenson.com\/de\/wp-json\/wp\/v2\/types\/page"}],"author":[{"embeddable":true,"href":"https:\/\/www.hotelargenson.com\/de\/wp-json\/wp\/v2\/users\/90"}],"replies":[{"embeddable":true,"href":"https:\/\/www.hotelargenson.com\/de\/wp-json\/wp\/v2\/comments?post=537"}],"version-history":[{"count":0,"href":"https:\/\/www.hotelargenson.com\/de\/wp-json\/wp\/v2\/pages\/537\/revisions"}],"up":[{"embeddable":true,"href":"https:\/\/www.hotelargenson.com\/de\/wp-json\/wp\/v2\/pages\/525"}],"wp:attachment":[{"href":"https:\/\/www.hotelargenson.com\/de\/wp-json\/wp\/v2\/media?parent=537"}],"curies":[{"name":"wp","href":"https:\/\/api.w.org\/{rel}","templated":true}]}}