{"id":527,"date":"2023-09-28T20:32:22","date_gmt":"2023-09-28T18:32:22","guid":{"rendered":"https:\/\/www.hotelargenson.com\/?page_id=527"},"modified":"2025-11-24T16:28:06","modified_gmt":"2025-11-24T15:28:06","slug":"kleines-doppelzimmer","status":"publish","type":"page","link":"https:\/\/www.hotelargenson.com\/de\/unsere-zimmer\/kleines-doppelzimmer\/","title":{"rendered":"Kleines Doppelzimmer"},"content":{"rendered":"<p style=\"text-align: center\" data-start=\"473\" data-end=\"682\">Dieses kleine Doppelzimmer verf\u00fcgt \u00fcber einen Safe, einen Flachbildfernseher mit Kabelkan\u00e4len und einen Schreibtisch.<br data-start=\"590\" data-end=\"593\" \/>Das private Badezimmer ist mit einer Dusche und kostenlosen Pflegeprodukten ausgestattet.<\/p>\n<p style=\"text-align: center\" data-start=\"684\" data-end=\"725\">Einige Zimmer verf\u00fcgen \u00fcber einen Balkon.<\/p>\n","protected":false},"excerpt":{"rendered":"<p>Dieses kleine Doppelzimmer verf\u00fcgt \u00fcber einen Safe, einen Flachbildfernseher mit Kabelkan\u00e4len und einen Schreibtisch.Das private Badezimmer ist mit einer Dusche und kostenlosen Pflegeprodukten ausgestattet. Einige Zimmer verf\u00fcgen \u00fcber einen Balkon.<\/p>\n","protected":false},"author":90,"featured_media":0,"parent":525,"menu_order":10,"comment_status":"closed","ping_status":"closed","template":"template-single-room.php","meta":{"footnotes":""},"class_list":["post-527","page","type-page","status-publish","hentry"],"yoast_head":"<!-- This site is optimized with the Yoast SEO plugin v27.3 - https:\/\/yoast.com\/product\/yoast-seo-wordpress\/ -->\n<title>Kleines Doppelzimmer - Hotel d&#039;Argenson Paris<\/title>\n<meta name=\"robots\" content=\"index, follow, max-snippet:-1, max-image-preview:large, max-video-preview:-1\" \/>\n<link rel=\"canonical\" href=\"https:\/\/www.hotelargenson.com\/de\/unsere-zimmer\/kleines-doppelzimmer\/\" \/>\n<meta property=\"og:locale\" content=\"de_DE\" \/>\n<meta property=\"og:type\" content=\"article\" \/>\n<meta property=\"og:title\" content=\"Kleines Doppelzimmer - Hotel d&#039;Argenson Paris\" \/>\n<meta property=\"og:description\" content=\"Dieses kleine Doppelzimmer verf\u00fcgt \u00fcber einen Safe, einen Flachbildfernseher mit Kabelkan\u00e4len und einen Schreibtisch.Das private Badezimmer ist mit einer Dusche und kostenlosen Pflegeprodukten ausgestattet. Einige Zimmer verf\u00fcgen \u00fcber einen Balkon.\" \/>\n<meta property=\"og:url\" content=\"https:\/\/www.hotelargenson.com\/de\/unsere-zimmer\/kleines-doppelzimmer\/\" \/>\n<meta property=\"og:site_name\" content=\"Hotel d&#039;Argenson Paris\" \/>\n<meta property=\"article:modified_time\" content=\"2025-11-24T15:28:06+00:00\" \/>\n<meta name=\"twitter:card\" content=\"summary_large_image\" \/>\n<script type=\"application\/ld+json\" class=\"yoast-schema-graph\">{\"@context\":\"https:\\\/\\\/schema.org\",\"@graph\":[{\"@type\":\"WebPage\",\"@id\":\"https:\\\/\\\/www.hotelargenson.com\\\/de\\\/unsere-zimmer\\\/kleines-doppelzimmer\\\/\",\"url\":\"https:\\\/\\\/www.hotelargenson.com\\\/de\\\/unsere-zimmer\\\/kleines-doppelzimmer\\\/\",\"name\":\"Kleines Doppelzimmer - Hotel d'Argenson Paris\",\"isPartOf\":{\"@id\":\"https:\\\/\\\/www.hotelargenson.com\\\/de\\\/#website\"},\"datePublished\":\"2023-09-28T18:32:22+00:00\",\"dateModified\":\"2025-11-24T15:28:06+00:00\",\"breadcrumb\":{\"@id\":\"https:\\\/\\\/www.hotelargenson.com\\\/de\\\/unsere-zimmer\\\/kleines-doppelzimmer\\\/#breadcrumb\"},\"inLanguage\":\"de-DE\",\"potentialAction\":[{\"@type\":\"ReadAction\",\"target\":[\"https:\\\/\\\/www.hotelargenson.com\\\/de\\\/unsere-zimmer\\\/kleines-doppelzimmer\\\/\"]}]},{\"@type\":\"BreadcrumbList\",\"@id\":\"https:\\\/\\\/www.hotelargenson.com\\\/de\\\/unsere-zimmer\\\/kleines-doppelzimmer\\\/#breadcrumb\",\"itemListElement\":[{\"@type\":\"ListItem\",\"position\":1,\"name\":\"Accueil\",\"item\":\"https:\\\/\\\/www.hotelargenson.com\\\/de\\\/\"},{\"@type\":\"ListItem\",\"position\":2,\"name\":\"Zimmer\",\"item\":\"https:\\\/\\\/www.hotelargenson.com\\\/de\\\/unsere-zimmer\\\/\"},{\"@type\":\"ListItem\",\"position\":3,\"name\":\"Kleines Doppelzimmer\"}]},{\"@type\":\"WebSite\",\"@id\":\"https:\\\/\\\/www.hotelargenson.com\\\/de\\\/#website\",\"url\":\"https:\\\/\\\/www.hotelargenson.com\\\/de\\\/\",\"name\":\"Hotel d'Argenson Paris\",\"description\":\"\",\"potentialAction\":[{\"@type\":\"SearchAction\",\"target\":{\"@type\":\"EntryPoint\",\"urlTemplate\":\"https:\\\/\\\/www.hotelargenson.com\\\/de\\\/?s={search_term_string}\"},\"query-input\":{\"@type\":\"PropertyValueSpecification\",\"valueRequired\":true,\"valueName\":\"search_term_string\"}}],\"inLanguage\":\"de-DE\"}]}<\/script>\n<!-- \/ Yoast SEO plugin. -->","yoast_head_json":{"title":"Kleines Doppelzimmer - Hotel d'Argenson Paris","robots":{"index":"index","follow":"follow","max-snippet":"max-snippet:-1","max-image-preview":"max-image-preview:large","max-video-preview":"max-video-preview:-1"},"canonical":"https:\/\/www.hotelargenson.com\/de\/unsere-zimmer\/kleines-doppelzimmer\/","og_locale":"de_DE","og_type":"article","og_title":"Kleines Doppelzimmer - Hotel d'Argenson Paris","og_description":"Dieses kleine Doppelzimmer verf\u00fcgt \u00fcber einen Safe, einen Flachbildfernseher mit Kabelkan\u00e4len und einen Schreibtisch.Das private Badezimmer ist mit einer Dusche und kostenlosen Pflegeprodukten ausgestattet. Einige Zimmer verf\u00fcgen \u00fcber einen Balkon.","og_url":"https:\/\/www.hotelargenson.com\/de\/unsere-zimmer\/kleines-doppelzimmer\/","og_site_name":"Hotel d'Argenson Paris","article_modified_time":"2025-11-24T15:28:06+00:00","twitter_card":"summary_large_image","schema":{"@context":"https:\/\/schema.org","@graph":[{"@type":"WebPage","@id":"https:\/\/www.hotelargenson.com\/de\/unsere-zimmer\/kleines-doppelzimmer\/","url":"https:\/\/www.hotelargenson.com\/de\/unsere-zimmer\/kleines-doppelzimmer\/","name":"Kleines Doppelzimmer - Hotel d'Argenson Paris","isPartOf":{"@id":"https:\/\/www.hotelargenson.com\/de\/#website"},"datePublished":"2023-09-28T18:32:22+00:00","dateModified":"2025-11-24T15:28:06+00:00","breadcrumb":{"@id":"https:\/\/www.hotelargenson.com\/de\/unsere-zimmer\/kleines-doppelzimmer\/#breadcrumb"},"inLanguage":"de-DE","potentialAction":[{"@type":"ReadAction","target":["https:\/\/www.hotelargenson.com\/de\/unsere-zimmer\/kleines-doppelzimmer\/"]}]},{"@type":"BreadcrumbList","@id":"https:\/\/www.hotelargenson.com\/de\/unsere-zimmer\/kleines-doppelzimmer\/#breadcrumb","itemListElement":[{"@type":"ListItem","position":1,"name":"Accueil","item":"https:\/\/www.hotelargenson.com\/de\/"},{"@type":"ListItem","position":2,"name":"Zimmer","item":"https:\/\/www.hotelargenson.com\/de\/unsere-zimmer\/"},{"@type":"ListItem","position":3,"name":"Kleines Doppelzimmer"}]},{"@type":"WebSite","@id":"https:\/\/www.hotelargenson.com\/de\/#website","url":"https:\/\/www.hotelargenson.com\/de\/","name":"Hotel d'Argenson Paris","description":"","potentialAction":[{"@type":"SearchAction","target":{"@type":"EntryPoint","urlTemplate":"https:\/\/www.hotelargenson.com\/de\/?s={search_term_string}"},"query-input":{"@type":"PropertyValueSpecification","valueRequired":true,"valueName":"search_term_string"}}],"inLanguage":"de-DE"}]}},"acf":[],"_links":{"self":[{"href":"https:\/\/www.hotelargenson.com\/de\/wp-json\/wp\/v2\/pages\/527","targetHints":{"allow":["GET"]}}],"collection":[{"href":"https:\/\/www.hotelargenson.com\/de\/wp-json\/wp\/v2\/pages"}],"about":[{"href":"https:\/\/www.hotelargenson.com\/de\/wp-json\/wp\/v2\/types\/page"}],"author":[{"embeddable":true,"href":"https:\/\/www.hotelargenson.com\/de\/wp-json\/wp\/v2\/users\/90"}],"replies":[{"embeddable":true,"href":"https:\/\/www.hotelargenson.com\/de\/wp-json\/wp\/v2\/comments?post=527"}],"version-history":[{"count":0,"href":"https:\/\/www.hotelargenson.com\/de\/wp-json\/wp\/v2\/pages\/527\/revisions"}],"up":[{"embeddable":true,"href":"https:\/\/www.hotelargenson.com\/de\/wp-json\/wp\/v2\/pages\/525"}],"wp:attachment":[{"href":"https:\/\/www.hotelargenson.com\/de\/wp-json\/wp\/v2\/media?parent=527"}],"curies":[{"name":"wp","href":"https:\/\/api.w.org\/{rel}","templated":true}]}}