{"id":516,"date":"2023-09-28T19:53:07","date_gmt":"2023-09-28T17:53:07","guid":{"rendered":"https:\/\/www.hotelargenson.com\/?page_id=516"},"modified":"2025-11-24T13:52:03","modified_gmt":"2025-11-24T12:52:03","slug":"willkommen-im-hotel-dargenson-paris","status":"publish","type":"page","link":"https:\/\/www.hotelargenson.com\/de\/","title":{"rendered":"Home"},"content":{"rendered":"<p style=\"text-align: center\"><strong>Paris Champs-Elys\u00e9es<\/strong><\/p>\n<p>&nbsp;<\/p>\n<p data-start=\"752\" data-end=\"1119\">Das H\u00f4tel d\u2019Argenson ist ein gem\u00fctliches Pariser Hotel mit 34 klimatisierten Zimmern, das seit \u00fcber 50 Jahren seine authentische, famili\u00e4re Gastfreundschaft bewahrt.<br data-start=\"917\" data-end=\"920\" \/>Es befindet sich in idealer Lage im 8. Arrondissement von Paris, zwischen den Champs-\u00c9lys\u00e9es und der Op\u00e9ra \u2013 im Herzen des \u201eGoldenen Dreiecks\u201c zwischen den renommierten Alleen Montaigne und George V.<\/p>\n","protected":false},"excerpt":{"rendered":"<p>Paris Champs-Elys\u00e9es &nbsp; Das H\u00f4tel d\u2019Argenson ist ein gem\u00fctliches Pariser Hotel mit 34 klimatisierten Zimmern, das seit \u00fcber 50 Jahren seine authentische, famili\u00e4re Gastfreundschaft bewahrt.Es befindet sich in idealer Lage im 8. Arrondissement von Paris, zwischen den Champs-\u00c9lys\u00e9es und der Op\u00e9ra \u2013 im Herzen des \u201eGoldenen Dreiecks\u201c zwischen den renommierten Alleen Montaigne und George V.<\/p>\n","protected":false},"author":90,"featured_media":0,"parent":0,"menu_order":0,"comment_status":"closed","ping_status":"closed","template":"","meta":{"footnotes":""},"yoast_head":"<!-- This site is optimized with the Yoast SEO plugin v22.3 - https:\/\/yoast.com\/wordpress\/plugins\/seo\/ -->\n<title>Home - Hotel d&#039;Argenson Paris<\/title>\n<meta name=\"robots\" content=\"index, follow, max-snippet:-1, max-image-preview:large, max-video-preview:-1\" \/>\n<link rel=\"canonical\" href=\"https:\/\/www.hotelargenson.com\/de\/\" \/>\n<meta property=\"og:locale\" content=\"de_DE\" \/>\n<meta property=\"og:type\" content=\"article\" \/>\n<meta property=\"og:title\" content=\"Home - Hotel d&#039;Argenson Paris\" \/>\n<meta property=\"og:description\" content=\"Paris Champs-Elys\u00e9es &nbsp; Das H\u00f4tel d\u2019Argenson ist ein gem\u00fctliches Pariser Hotel mit 34 klimatisierten Zimmern, das seit \u00fcber 50 Jahren seine authentische, famili\u00e4re Gastfreundschaft bewahrt.Es befindet sich in idealer Lage im 8. Arrondissement von Paris, zwischen den Champs-\u00c9lys\u00e9es und der Op\u00e9ra \u2013 im Herzen des \u201eGoldenen Dreiecks\u201c zwischen den renommierten Alleen Montaigne und George V.\" \/>\n<meta property=\"og:url\" content=\"https:\/\/www.hotelargenson.com\/de\/\" \/>\n<meta property=\"og:site_name\" content=\"Hotel d&#039;Argenson Paris\" \/>\n<meta property=\"article:modified_time\" content=\"2025-11-24T12:52:03+00:00\" \/>\n<meta name=\"twitter:card\" content=\"summary_large_image\" \/>\n<script type=\"application\/ld+json\" class=\"yoast-schema-graph\">{\"@context\":\"https:\/\/schema.org\",\"@graph\":[{\"@type\":\"WebPage\",\"@id\":\"https:\/\/www.hotelargenson.com\/de\/\",\"url\":\"https:\/\/www.hotelargenson.com\/de\/\",\"name\":\"Home - Hotel d'Argenson Paris\",\"isPartOf\":{\"@id\":\"https:\/\/www.hotelargenson.com\/de\/#website\"},\"datePublished\":\"2023-09-28T17:53:07+00:00\",\"dateModified\":\"2025-11-24T12:52:03+00:00\",\"breadcrumb\":{\"@id\":\"https:\/\/www.hotelargenson.com\/de\/#breadcrumb\"},\"inLanguage\":\"de-DE\",\"potentialAction\":[{\"@type\":\"ReadAction\",\"target\":[\"https:\/\/www.hotelargenson.com\/de\/\"]}]},{\"@type\":\"BreadcrumbList\",\"@id\":\"https:\/\/www.hotelargenson.com\/de\/#breadcrumb\",\"itemListElement\":[{\"@type\":\"ListItem\",\"position\":1,\"name\":\"Accueil\",\"item\":\"https:\/\/www.hotelargenson.com\/de\/\"},{\"@type\":\"ListItem\",\"position\":2,\"name\":\"Home\"}]},{\"@type\":\"WebSite\",\"@id\":\"https:\/\/www.hotelargenson.com\/de\/#website\",\"url\":\"https:\/\/www.hotelargenson.com\/de\/\",\"name\":\"Hotel d'Argenson Paris\",\"description\":\"\",\"potentialAction\":[{\"@type\":\"SearchAction\",\"target\":{\"@type\":\"EntryPoint\",\"urlTemplate\":\"https:\/\/www.hotelargenson.com\/de\/?s={search_term_string}\"},\"query-input\":\"required name=search_term_string\"}],\"inLanguage\":\"de-DE\"}]}<\/script>\n<!-- \/ Yoast SEO plugin. -->","yoast_head_json":{"title":"Home - Hotel d'Argenson Paris","robots":{"index":"index","follow":"follow","max-snippet":"max-snippet:-1","max-image-preview":"max-image-preview:large","max-video-preview":"max-video-preview:-1"},"canonical":"https:\/\/www.hotelargenson.com\/de\/","og_locale":"de_DE","og_type":"article","og_title":"Home - Hotel d'Argenson Paris","og_description":"Paris Champs-Elys\u00e9es &nbsp; Das H\u00f4tel d\u2019Argenson ist ein gem\u00fctliches Pariser Hotel mit 34 klimatisierten Zimmern, das seit \u00fcber 50 Jahren seine authentische, famili\u00e4re Gastfreundschaft bewahrt.Es befindet sich in idealer Lage im 8. Arrondissement von Paris, zwischen den Champs-\u00c9lys\u00e9es und der Op\u00e9ra \u2013 im Herzen des \u201eGoldenen Dreiecks\u201c zwischen den renommierten Alleen Montaigne und George V.","og_url":"https:\/\/www.hotelargenson.com\/de\/","og_site_name":"Hotel d'Argenson Paris","article_modified_time":"2025-11-24T12:52:03+00:00","twitter_card":"summary_large_image","schema":{"@context":"https:\/\/schema.org","@graph":[{"@type":"WebPage","@id":"https:\/\/www.hotelargenson.com\/de\/","url":"https:\/\/www.hotelargenson.com\/de\/","name":"Home - Hotel d'Argenson Paris","isPartOf":{"@id":"https:\/\/www.hotelargenson.com\/de\/#website"},"datePublished":"2023-09-28T17:53:07+00:00","dateModified":"2025-11-24T12:52:03+00:00","breadcrumb":{"@id":"https:\/\/www.hotelargenson.com\/de\/#breadcrumb"},"inLanguage":"de-DE","potentialAction":[{"@type":"ReadAction","target":["https:\/\/www.hotelargenson.com\/de\/"]}]},{"@type":"BreadcrumbList","@id":"https:\/\/www.hotelargenson.com\/de\/#breadcrumb","itemListElement":[{"@type":"ListItem","position":1,"name":"Accueil","item":"https:\/\/www.hotelargenson.com\/de\/"},{"@type":"ListItem","position":2,"name":"Home"}]},{"@type":"WebSite","@id":"https:\/\/www.hotelargenson.com\/de\/#website","url":"https:\/\/www.hotelargenson.com\/de\/","name":"Hotel d'Argenson Paris","description":"","potentialAction":[{"@type":"SearchAction","target":{"@type":"EntryPoint","urlTemplate":"https:\/\/www.hotelargenson.com\/de\/?s={search_term_string}"},"query-input":"required name=search_term_string"}],"inLanguage":"de-DE"}]}},"acf":[],"_links":{"self":[{"href":"https:\/\/www.hotelargenson.com\/de\/wp-json\/wp\/v2\/pages\/516"}],"collection":[{"href":"https:\/\/www.hotelargenson.com\/de\/wp-json\/wp\/v2\/pages"}],"about":[{"href":"https:\/\/www.hotelargenson.com\/de\/wp-json\/wp\/v2\/types\/page"}],"author":[{"embeddable":true,"href":"https:\/\/www.hotelargenson.com\/de\/wp-json\/wp\/v2\/users\/90"}],"replies":[{"embeddable":true,"href":"https:\/\/www.hotelargenson.com\/de\/wp-json\/wp\/v2\/comments?post=516"}],"version-history":[{"count":0,"href":"https:\/\/www.hotelargenson.com\/de\/wp-json\/wp\/v2\/pages\/516\/revisions"}],"wp:attachment":[{"href":"https:\/\/www.hotelargenson.com\/de\/wp-json\/wp\/v2\/media?parent=516"}],"curies":[{"name":"wp","href":"https:\/\/api.w.org\/{rel}","templated":true}]}}