{"id":506,"date":"2023-09-28T20:42:01","date_gmt":"2023-09-28T18:42:01","guid":{"rendered":"https:\/\/www.hotelargenson.com\/?page_id=506"},"modified":"2025-11-24T10:56:58","modified_gmt":"2025-11-24T09:56:58","slug":"mentions-legales","status":"publish","type":"page","link":"https:\/\/www.hotelargenson.com\/de\/mentions-legales\/","title":{"rendered":"Rechtliche Hinweise"},"content":{"rendered":"<h3 data-start=\"218\" data-end=\"256\"><strong data-start=\"222\" data-end=\"256\">Schutz personenbezogener Daten<\/strong><\/h3>\n<p data-start=\"258\" data-end=\"569\">Das Hotel, als Verantwortlicher f\u00fcr die Datenverarbeitung, erhebt und verarbeitet personenbezogene Daten zum Zweck der Reservierungs- und G\u00e4stebetreuung, der Rechnungsstellung und Zahlungen sowie f\u00fcr Marketingma\u00dfnahmen und Zufriedenheitsumfragen.<br data-start=\"504\" data-end=\"507\" \/>Die Daten sind f\u00fcr das Hotel und seine Dienstleister bestimmt.<\/p>\n<p data-start=\"571\" data-end=\"743\">Sie haben das Recht, Ihre Daten einzusehen, zu konsultieren, zu berichtigen und der Verarbeitung zu widersprechen, indem Sie das Hotel unter folgender Adresse kontaktieren:<\/p>\n<p data-start=\"745\" data-end=\"868\"><strong data-start=\"745\" data-end=\"772\">H\u00f4tel d\u2019Argenson (9002)<\/strong><br data-start=\"772\" data-end=\"775\" \/>15 Rue d\u2019Argenson<br data-start=\"792\" data-end=\"795\" \/>75008 Paris<br data-start=\"806\" data-end=\"809\" \/>E-Mail: <a class=\"decorated-link cursor-pointer\" rel=\"noopener\" data-start=\"817\" data-end=\"842\">contact@hotelargenson.com<\/a><br data-start=\"842\" data-end=\"845\" \/><a class=\"decorated-link\" href=\"http:\/\/www.hotelargenson.com\" target=\"_new\" rel=\"noopener\" data-start=\"845\" data-end=\"866\">www.hotelargenson.com<\/a><\/p>\n<p data-start=\"870\" data-end=\"908\">(CNIL-Meldung des Hosters Nr. 1372618)<\/p>\n<hr data-start=\"910\" data-end=\"913\" \/>\n<h3 data-start=\"915\" data-end=\"930\"><strong data-start=\"919\" data-end=\"930\">Kaution<\/strong><\/h3>\n<p data-start=\"932\" data-end=\"1010\">Bei der Ankunft wird eine <strong data-start=\"958\" data-end=\"1000\">Kaution in H\u00f6he von 150 Euro pro Nacht<\/strong> verlangt.<\/p>\n<hr data-start=\"1012\" data-end=\"1015\" \/>\n<h3 data-start=\"1017\" data-end=\"1044\"><strong data-start=\"1021\" data-end=\"1044\">Sichere Transaktion<\/strong><\/h3>\n<p data-start=\"1046\" data-end=\"1355\">Unsere Website ist mit modernen Online-Sicherheitsmechanismen ausgestattet.<br data-start=\"1121\" data-end=\"1124\" \/>Jeder Schritt des Buchungsprozesses wird durch die f\u00fchrende <strong data-start=\"1184\" data-end=\"1213\">Secure Socket Layer (SSL)<\/strong>-Technologie gesch\u00fctzt.<br data-start=\"1236\" data-end=\"1239\" \/>Ihre Daten werden verschl\u00fcsselt und durch Server-Authentifizierung sowie Datenverschl\u00fcsselungsmechanismen gesichert.<\/p>\n<p data-start=\"1357\" data-end=\"1556\">Das verwendete Sicherheitszertifikat wird von einem akkreditierten Drittanbieter, <strong data-start=\"1439\" data-end=\"1480\">USERTrust RSA Certification Authority<\/strong>, ausgestellt.<br data-start=\"1494\" data-end=\"1497\" \/>Dieses Zertifikat wird vom Buchungssystem Availpro genutzt.<\/p>\n<p data-start=\"1558\" data-end=\"1792\">Das Buchungssystem wird zudem in einer sicheren Umgebung gehostet, die mit biometrischen Systemen, einer Firewall und weiteren modernen Technologien ausgestattet ist, um jegliche Art von Eindringversuchen oder St\u00f6rungen zu verhindern.<\/p>\n<hr data-start=\"1794\" data-end=\"1797\" \/>\n<h3 data-start=\"1799\" data-end=\"1824\"><strong data-start=\"1803\" data-end=\"1824\">Bestpreisgarantie<\/strong><\/h3>\n<p data-start=\"1826\" data-end=\"2012\">Sie befinden sich auf der offiziellen Website des Hotels.<br data-start=\"1883\" data-end=\"1886\" \/>Die angezeigten Preise sind die bestm\u00f6glichen verf\u00fcgbaren Tarife.<br data-start=\"1951\" data-end=\"1954\" \/>Bei einer Buchung \u00fcber unsere Website profitieren Sie von:<\/p>\n<p data-start=\"2014\" data-end=\"2206\">\u2714\ufe0f Den besten verf\u00fcgbaren Preisen<br data-start=\"2047\" data-end=\"2050\" \/>\u2714\ufe0f Einer Buchung ohne Zwischenh\u00e4ndler und ohne Zusatzgeb\u00fchren<br data-start=\"2111\" data-end=\"2114\" \/>\u2714\ufe0f Einer sofortigen Bearbeitung Ihrer Reservierung<br data-start=\"2164\" data-end=\"2167\" \/>\u2714\ufe0f Direktem Kontakt mit dem Hotelteam<\/p>\n<hr data-start=\"2208\" data-end=\"2211\" \/>\n<h3 data-start=\"2213\" data-end=\"2239\"><strong data-start=\"2217\" data-end=\"2239\">Offizielle Website<\/strong><\/h3>\n<p data-start=\"2241\" data-end=\"2460\">Ihre Reservierung erfolgt direkt \u00fcber die Website des Hotels.<br data-start=\"2302\" data-end=\"2305\" \/>Diese Seite wird vom Personal des Hauses verwaltet.<br data-start=\"2356\" data-end=\"2359\" \/>Die angebotenen Angebote entsprechen denen, die telefonisch verf\u00fcgbar sind.<br data-start=\"2434\" data-end=\"2437\" \/>So profitieren Sie von:<\/p>\n<p data-start=\"2462\" data-end=\"2659\">\u2714\ufe0f Den besten verf\u00fcgbaren Preisen<br data-start=\"2495\" data-end=\"2498\" \/>\u2714\ufe0f Den letzten verf\u00fcgbaren Zimmern<br data-start=\"2532\" data-end=\"2535\" \/>\u2714\ufe0f Einer sofortigen Bearbeitung Ihrer Reservierung<br data-start=\"2585\" data-end=\"2588\" \/>\u2714\ufe0f Einer Buchung ohne Zwischenh\u00e4ndler<br data-start=\"2625\" data-end=\"2628\" \/>\u2714\ufe0f Einer sicheren Transaktion<\/p>\n<hr data-start=\"2661\" data-end=\"2664\" \/>\n<h3 data-start=\"2666\" data-end=\"2693\"><strong data-start=\"2670\" data-end=\"2693\">Kein Widerrufsrecht<\/strong><\/h3>\n<p data-start=\"2695\" data-end=\"3039\">Gem\u00e4\u00df Artikel L.221-28 des franz\u00f6sischen Verbraucherschutzgesetzes wird der Kunde darauf hingewiesen, dass <strong data-start=\"2802\" data-end=\"2825\">kein Widerrufsrecht<\/strong> f\u00fcr Beherbergungsdienstleistungen besteht, die an einem bestimmten Datum oder f\u00fcr einen bestimmten Zeitraum erbracht werden.<br data-start=\"2950\" data-end=\"2953\" \/>Daher ist jede \u00fcber unsere Website vorgenommene Buchung <strong data-start=\"3009\" data-end=\"3038\">verbindlich und endg\u00fcltig<\/strong>.<\/p>\n<hr data-start=\"3041\" data-end=\"3044\" \/>\n<h3 data-start=\"3046\" data-end=\"3083\"><strong data-start=\"3050\" data-end=\"3083\">Verbraucherschlichtungsstelle<\/strong><\/h3>\n<p data-start=\"3085\" data-end=\"3184\">Im Falle eines Streitfalls kann der Kunde kostenlos die Verbraucherschlichtungsstelle kontaktieren:<\/p>\n<p data-start=\"3186\" data-end=\"3288\"><strong data-start=\"3186\" data-end=\"3218\">M\u00e9diateur Tourisme et Voyage<\/strong><br data-start=\"3218\" data-end=\"3221\" \/>Adresse: BP 80303, 75823 Paris Cedex 17<br data-start=\"3260\" data-end=\"3263\" \/>E-Mail: <a class=\"decorated-link cursor-pointer\" rel=\"noopener\" data-start=\"3271\" data-end=\"3286\">info@mtv.travel<\/a><\/p>\n<hr data-start=\"3290\" data-end=\"3293\" \/>\n<h3 data-start=\"3295\" data-end=\"3322\"><strong data-start=\"3299\" data-end=\"3322\">Rechtliche Hinweise<\/strong><\/h3>\n<p data-start=\"3324\" data-end=\"3581\"><strong data-start=\"3324\" data-end=\"3344\">H\u00f4tel d&#8217;Argenson<\/strong><br data-start=\"3344\" data-end=\"3347\" \/>Betreibergesellschaft: H\u00f4tel d&#8217;Argenson<br data-start=\"3386\" data-end=\"3389\" \/>Stammkapital: 8.100 \u20ac<br data-start=\"3410\" data-end=\"3413\" \/>Handelsregister (RCS): 552 099 517<br data-start=\"3447\" data-end=\"3450\" \/>Umsatzsteuer-Identifikationsnummer: FR 89 552 099 517<br data-start=\"3503\" data-end=\"3506\" \/>Sitz: 15 Rue d&#8217;Argenson, 75008 Paris<br data-start=\"3542\" data-end=\"3545\" \/>Kontakt: <a class=\"decorated-link cursor-pointer\" rel=\"noopener\" data-start=\"3554\" data-end=\"3579\">contact@hotelargenson.com<\/a><\/p>\n<hr data-start=\"3583\" data-end=\"3586\" \/>\n<p data-start=\"3588\" data-end=\"3749\">Si<\/p>\n","protected":false},"excerpt":{"rendered":"<p>Schutz personenbezogener Daten Das Hotel, als Verantwortlicher f\u00fcr die Datenverarbeitung, erhebt und verarbeitet personenbezogene Daten zum Zweck der Reservierungs- und G\u00e4stebetreuung, der Rechnungsstellung und Zahlungen sowie f\u00fcr Marketingma\u00dfnahmen und Zufriedenheitsumfragen.Die Daten sind f\u00fcr das Hotel und seine Dienstleister bestimmt. Sie haben das Recht, Ihre Daten einzusehen, zu konsultieren, zu berichtigen und der Verarbeitung zu widersprechen, [&hellip;]<\/p>\n","protected":false},"author":90,"featured_media":0,"parent":0,"menu_order":0,"comment_status":"closed","ping_status":"closed","template":"","meta":{"footnotes":""},"yoast_head":"<!-- This site is optimized with the Yoast SEO plugin v22.3 - https:\/\/yoast.com\/wordpress\/plugins\/seo\/ -->\n<title>Rechtliche Hinweise - Hotel d&#039;Argenson Paris<\/title>\n<meta name=\"robots\" content=\"index, follow, max-snippet:-1, max-image-preview:large, max-video-preview:-1\" \/>\n<link rel=\"canonical\" href=\"https:\/\/www.hotelargenson.com\/de\/mentions-legales\/\" \/>\n<meta property=\"og:locale\" content=\"de_DE\" \/>\n<meta property=\"og:type\" content=\"article\" \/>\n<meta property=\"og:title\" content=\"Rechtliche Hinweise - Hotel d&#039;Argenson Paris\" \/>\n<meta property=\"og:description\" content=\"Schutz personenbezogener Daten Das Hotel, als Verantwortlicher f\u00fcr die Datenverarbeitung, erhebt und verarbeitet personenbezogene Daten zum Zweck der Reservierungs- und G\u00e4stebetreuung, der Rechnungsstellung und Zahlungen sowie f\u00fcr Marketingma\u00dfnahmen und Zufriedenheitsumfragen.Die Daten sind f\u00fcr das Hotel und seine Dienstleister bestimmt. Sie haben das Recht, Ihre Daten einzusehen, zu konsultieren, zu berichtigen und der Verarbeitung zu widersprechen, [&hellip;]\" \/>\n<meta property=\"og:url\" content=\"https:\/\/www.hotelargenson.com\/de\/mentions-legales\/\" \/>\n<meta property=\"og:site_name\" content=\"Hotel d&#039;Argenson Paris\" \/>\n<meta property=\"article:modified_time\" content=\"2025-11-24T09:56:58+00:00\" \/>\n<meta name=\"twitter:card\" content=\"summary_large_image\" \/>\n<meta name=\"twitter:label1\" content=\"Gesch\u00e4tzte Lesezeit\" \/>\n\t<meta name=\"twitter:data1\" content=\"2 Minuten\" \/>\n<script type=\"application\/ld+json\" class=\"yoast-schema-graph\">{\"@context\":\"https:\/\/schema.org\",\"@graph\":[{\"@type\":\"WebPage\",\"@id\":\"https:\/\/www.hotelargenson.com\/de\/mentions-legales\/\",\"url\":\"https:\/\/www.hotelargenson.com\/de\/mentions-legales\/\",\"name\":\"Rechtliche Hinweise - Hotel d'Argenson Paris\",\"isPartOf\":{\"@id\":\"https:\/\/www.hotelargenson.com\/de\/#website\"},\"datePublished\":\"2023-09-28T18:42:01+00:00\",\"dateModified\":\"2025-11-24T09:56:58+00:00\",\"breadcrumb\":{\"@id\":\"https:\/\/www.hotelargenson.com\/de\/mentions-legales\/#breadcrumb\"},\"inLanguage\":\"de-DE\",\"potentialAction\":[{\"@type\":\"ReadAction\",\"target\":[\"https:\/\/www.hotelargenson.com\/de\/mentions-legales\/\"]}]},{\"@type\":\"BreadcrumbList\",\"@id\":\"https:\/\/www.hotelargenson.com\/de\/mentions-legales\/#breadcrumb\",\"itemListElement\":[{\"@type\":\"ListItem\",\"position\":1,\"name\":\"Accueil\",\"item\":\"https:\/\/www.hotelargenson.com\/de\/\"},{\"@type\":\"ListItem\",\"position\":2,\"name\":\"Rechtliche Hinweise\"}]},{\"@type\":\"WebSite\",\"@id\":\"https:\/\/www.hotelargenson.com\/de\/#website\",\"url\":\"https:\/\/www.hotelargenson.com\/de\/\",\"name\":\"Hotel d'Argenson Paris\",\"description\":\"\",\"potentialAction\":[{\"@type\":\"SearchAction\",\"target\":{\"@type\":\"EntryPoint\",\"urlTemplate\":\"https:\/\/www.hotelargenson.com\/de\/?s={search_term_string}\"},\"query-input\":\"required name=search_term_string\"}],\"inLanguage\":\"de-DE\"}]}<\/script>\n<!-- \/ Yoast SEO plugin. -->","yoast_head_json":{"title":"Rechtliche Hinweise - Hotel d'Argenson Paris","robots":{"index":"index","follow":"follow","max-snippet":"max-snippet:-1","max-image-preview":"max-image-preview:large","max-video-preview":"max-video-preview:-1"},"canonical":"https:\/\/www.hotelargenson.com\/de\/mentions-legales\/","og_locale":"de_DE","og_type":"article","og_title":"Rechtliche Hinweise - Hotel d'Argenson Paris","og_description":"Schutz personenbezogener Daten Das Hotel, als Verantwortlicher f\u00fcr die Datenverarbeitung, erhebt und verarbeitet personenbezogene Daten zum Zweck der Reservierungs- und G\u00e4stebetreuung, der Rechnungsstellung und Zahlungen sowie f\u00fcr Marketingma\u00dfnahmen und Zufriedenheitsumfragen.Die Daten sind f\u00fcr das Hotel und seine Dienstleister bestimmt. Sie haben das Recht, Ihre Daten einzusehen, zu konsultieren, zu berichtigen und der Verarbeitung zu widersprechen, [&hellip;]","og_url":"https:\/\/www.hotelargenson.com\/de\/mentions-legales\/","og_site_name":"Hotel d'Argenson Paris","article_modified_time":"2025-11-24T09:56:58+00:00","twitter_card":"summary_large_image","twitter_misc":{"Gesch\u00e4tzte Lesezeit":"2 Minuten"},"schema":{"@context":"https:\/\/schema.org","@graph":[{"@type":"WebPage","@id":"https:\/\/www.hotelargenson.com\/de\/mentions-legales\/","url":"https:\/\/www.hotelargenson.com\/de\/mentions-legales\/","name":"Rechtliche Hinweise - Hotel d'Argenson Paris","isPartOf":{"@id":"https:\/\/www.hotelargenson.com\/de\/#website"},"datePublished":"2023-09-28T18:42:01+00:00","dateModified":"2025-11-24T09:56:58+00:00","breadcrumb":{"@id":"https:\/\/www.hotelargenson.com\/de\/mentions-legales\/#breadcrumb"},"inLanguage":"de-DE","potentialAction":[{"@type":"ReadAction","target":["https:\/\/www.hotelargenson.com\/de\/mentions-legales\/"]}]},{"@type":"BreadcrumbList","@id":"https:\/\/www.hotelargenson.com\/de\/mentions-legales\/#breadcrumb","itemListElement":[{"@type":"ListItem","position":1,"name":"Accueil","item":"https:\/\/www.hotelargenson.com\/de\/"},{"@type":"ListItem","position":2,"name":"Rechtliche Hinweise"}]},{"@type":"WebSite","@id":"https:\/\/www.hotelargenson.com\/de\/#website","url":"https:\/\/www.hotelargenson.com\/de\/","name":"Hotel d'Argenson Paris","description":"","potentialAction":[{"@type":"SearchAction","target":{"@type":"EntryPoint","urlTemplate":"https:\/\/www.hotelargenson.com\/de\/?s={search_term_string}"},"query-input":"required name=search_term_string"}],"inLanguage":"de-DE"}]}},"acf":[],"_links":{"self":[{"href":"https:\/\/www.hotelargenson.com\/de\/wp-json\/wp\/v2\/pages\/506"}],"collection":[{"href":"https:\/\/www.hotelargenson.com\/de\/wp-json\/wp\/v2\/pages"}],"about":[{"href":"https:\/\/www.hotelargenson.com\/de\/wp-json\/wp\/v2\/types\/page"}],"author":[{"embeddable":true,"href":"https:\/\/www.hotelargenson.com\/de\/wp-json\/wp\/v2\/users\/90"}],"replies":[{"embeddable":true,"href":"https:\/\/www.hotelargenson.com\/de\/wp-json\/wp\/v2\/comments?post=506"}],"version-history":[{"count":0,"href":"https:\/\/www.hotelargenson.com\/de\/wp-json\/wp\/v2\/pages\/506\/revisions"}],"wp:attachment":[{"href":"https:\/\/www.hotelargenson.com\/de\/wp-json\/wp\/v2\/media?parent=506"}],"curies":[{"name":"wp","href":"https:\/\/api.w.org\/{rel}","templated":true}]}}